{"id":7918,"date":"2024-12-06T12:20:47","date_gmt":"2024-12-06T11:20:47","guid":{"rendered":"http:\/\/docker.prochannel.de:32768\/?page_id=7918"},"modified":"2025-06-26T09:55:06","modified_gmt":"2025-06-26T07:55:06","slug":"fulfillmentfragebogen","status":"publish","type":"page","link":"https:\/\/stg-htz-app-01.prochannel.de\/en\/kontakt\/fulfillmentfragebogen\/","title":{"rendered":"Fulfillmentfragebogen"},"content":{"rendered":"<div data-elementor-type=\"wp-page\" data-elementor-id=\"7918\" class=\"elementor elementor-7918\">\n\t\t\t\t<div class=\"elementor-element elementor-element-0d22203 e-flex e-con-boxed e-con e-parent\" data-id=\"0d22203\" data-element_type=\"container\" data-e-type=\"container\" data-settings=\"{&quot;background_background&quot;:&quot;classic&quot;}\">\r\n\t\t\t\t\t<div class=\"e-con-inner\">\r\n\t\t\t\t<div class=\"elementor-element elementor-element-494cc8b elementor-widget elementor-widget-porto_page_header\" data-id=\"494cc8b\" data-element_type=\"widget\" data-e-type=\"widget\" data-widget_type=\"porto_page_header.default\">\n\t\t\t\t<div class=\"elementor-widget-container\">\n\t\t\t\t\t<div class=\"page-top page-header-2\"><style>.page-top { background: none; border-bottom: none; } .page-top .page-title:not(.b-none):after { display: none; }<\/style><div class=\"container\">\r\n\t<div class=\"row\">\r\n\t\t<div class=\"col-lg-12\">\r\n\t\t\t<div class=\"\">\r\n\t\t\t\t\t\t\t\t<h1 class=\"page-title\"><\/h1>\r\n\t\t\t\t\t\t\t<\/div>\r\n\t\t\t\t\t\t\t<div class=\"breadcrumbs-wrap\">\r\n\t\t\t\t\t<ul class=\"breadcrumb\" itemscope itemtype=\"https:\/\/schema.org\/BreadcrumbList\"><li class=\"home\" itemprop=\"itemListElement\" itemscope itemtype=\"https:\/\/schema.org\/ListItem\"><a itemprop=\"item\" href=\"https:\/\/stg-htz-app-01.prochannel.de\/en\" title=\"Go to Home Page\"><span itemprop=\"name\">Home<\/span><\/a><meta itemprop=\"position\" content=\"1\" \/><i class=\"delimiter delimiter-2\"><\/i><\/li><\/ul>\t\t\t\t<\/div>\r\n\t\t\t\t\t\t\t\t<\/div>\r\n\t<\/div>\r\n<\/div>\r\n<\/div>\t\t\t\t<\/div>\n\t\t\t\t<\/div>\n\t\t\t\t\t<\/div>\n\t\t\t\t<\/div>\n\t\t<div class=\"elementor-element elementor-element-f24ba67 e-flex e-con-boxed e-con e-parent\" data-id=\"f24ba67\" data-element_type=\"container\" data-e-type=\"container\">\r\n\t\t\t\t\t<div class=\"e-con-inner\">\r\n\t\t\t\t<div class=\"elementor-element elementor-element-4e82411 elementor-widget elementor-widget-spacer\" data-id=\"4e82411\" data-element_type=\"widget\" data-e-type=\"widget\" data-widget_type=\"spacer.default\">\n\t\t\t\t<div class=\"elementor-widget-container\">\n\t\t\t\t\t\t\t<div class=\"elementor-spacer\">\n\t\t\t<div class=\"elementor-spacer-inner\"><\/div>\n\t\t<\/div>\n\t\t\t\t\t\t<\/div>\n\t\t\t\t<\/div>\n\t\t\t\t\t<\/div>\n\t\t\t\t<\/div>\n\t\t<div class=\"elementor-element elementor-element-98d958e e-flex e-con-boxed e-con e-parent\" data-id=\"98d958e\" data-element_type=\"container\" data-e-type=\"container\">\r\n\t\t\t\t\t<div class=\"e-con-inner\">\r\n\t\t\t\t<div class=\"elementor-element elementor-element-791d674 elementor-widget elementor-widget-heading\" data-id=\"791d674\" data-element_type=\"widget\" data-e-type=\"widget\" data-widget_type=\"heading.default\">\n\t\t\t\t<div class=\"elementor-widget-container\">\n\t\t\t\t\t<h2 class=\"elementor-heading-title elementor-size-default\">Ihr individuelles Angebot<\/h2>\t\t\t\t<\/div>\n\t\t\t\t<\/div>\n\t\t\t\t<div class=\"elementor-element elementor-element-6a9ebf9 elementor-widget elementor-widget-heading\" data-id=\"6a9ebf9\" data-element_type=\"widget\" data-e-type=\"widget\" data-widget_type=\"heading.default\">\n\t\t\t\t<div class=\"elementor-widget-container\">\n\t\t\t\t\t<h4 class=\"elementor-heading-title elementor-size-default\">Jetzt anfragen!<\/h4>\t\t\t\t<\/div>\n\t\t\t\t<\/div>\n\t\t\t\t<div class=\"elementor-element elementor-element-0feeef4 elementor-widget elementor-widget-text-editor\" data-id=\"0feeef4\" data-element_type=\"widget\" data-e-type=\"widget\" data-widget_type=\"text-editor.default\">\n\t\t\t\t<div class=\"elementor-widget-container\">\n\t\t\t\t\t\t\t\t\t<p>Um Ihnen ein ma\u00dfgeschneidertes und unverbindliches Angebot unterbreiten zu k\u00f6nnen, bitten wir Sie, unseren <strong>Fulfillmentfragebogen<\/strong> auszuf\u00fcllen.<\/p><p>Ihre Antworten helfen uns, Ihre individuellen Bed\u00fcrfnisse und W\u00fcnsche besser zu verstehen. Je detaillierter Sie die Fragen beantworten, desto pr\u00e4ziser k\u00f6nnen wir auf Ihre Anforderungen eingehen.<\/p><p>Vielen Dank f\u00fcr Ihre Unterst\u00fctzung \u2013 wir freuen uns darauf, Ihnen ein optimales Angebot zu erstellen!<\/p>\t\t\t\t\t\t\t\t<\/div>\n\t\t\t\t<\/div>\n\t\t\t\t<div class=\"elementor-element elementor-element-448d46d elementor-widget elementor-widget-spacer\" data-id=\"448d46d\" data-element_type=\"widget\" data-e-type=\"widget\" data-widget_type=\"spacer.default\">\n\t\t\t\t<div class=\"elementor-widget-container\">\n\t\t\t\t\t\t\t<div class=\"elementor-spacer\">\n\t\t\t<div class=\"elementor-spacer-inner\"><\/div>\n\t\t<\/div>\n\t\t\t\t\t\t<\/div>\n\t\t\t\t<\/div>\n\t\t\t\t\t<\/div>\n\t\t\t\t<\/div>\n\t\t<div class=\"elementor-element elementor-element-496b33f e-flex e-con-boxed e-con e-parent\" data-id=\"496b33f\" data-element_type=\"container\" data-e-type=\"container\" data-settings=\"{&quot;background_background&quot;:&quot;classic&quot;}\">\r\n\t\t\t\t\t<div class=\"e-con-inner\">\r\n\t\t\t\t<div class=\"elementor-element elementor-element-05fe11d elementor-widget elementor-widget-spacer\" data-id=\"05fe11d\" data-element_type=\"widget\" data-e-type=\"widget\" data-widget_type=\"spacer.default\">\n\t\t\t\t<div class=\"elementor-widget-container\">\n\t\t\t\t\t\t\t<div class=\"elementor-spacer\">\n\t\t\t<div class=\"elementor-spacer-inner\"><\/div>\n\t\t<\/div>\n\t\t\t\t\t\t<\/div>\n\t\t\t\t<\/div>\n\t\t\t\t<div class=\"elementor-element elementor-element-f2356e6 elementor-widget elementor-widget-heading\" data-id=\"f2356e6\" data-element_type=\"widget\" data-e-type=\"widget\" data-widget_type=\"heading.default\">\n\t\t\t\t<div class=\"elementor-widget-container\">\n\t\t\t\t\t<h2 class=\"elementor-heading-title elementor-size-default\">Fulfillmentfragebogen<\/h2>\t\t\t\t<\/div>\n\t\t\t\t<\/div>\n\t\t\t\t<div class=\"elementor-element elementor-element-a5277b9 elementor-widget elementor-widget-wpforms\" data-id=\"a5277b9\" data-element_type=\"widget\" data-e-type=\"widget\" data-widget_type=\"wpforms.default\">\n\t\t\t\t<div class=\"elementor-widget-container\">\n\t\t\t\t\t<style id=\"wpforms-css-vars-elementor-widget-a5277b9\">\n\t\t\t\t.elementor-widget-wpforms.elementor-element-a5277b9 {\n\t\t\t\t--wpforms-field-border-radius: 5px;\n--wpforms-label-sublabel-color: #383f48;\n--wpforms-button-border-radius: 5px;\n--wpforms-button-background-color: #188ca3;\n--wpforms-button-text-color: #FFFFFF;\n--wpforms-label-error-color: #188ca3;\n\t\t\t}\n\t\t\t<\/style><div class=\"wpforms-container wpforms-container-full wpforms-render-modern\" id=\"wpforms-7930\"><form id=\"wpforms-form-7930\" class=\"wpforms-validate wpforms-form wpforms-ajax-form\" data-formid=\"7930\" method=\"post\" enctype=\"multipart\/form-data\" action=\"\/en\/wp-json\/wp\/v2\/pages\/7918\" data-token=\"362789359dd3de8e73c47026bcce5dd7\" data-token-time=\"1776599895\" data-trp-original-action=\"\/en\/wp-json\/wp\/v2\/pages\/7918\"><noscript class=\"wpforms-error-noscript\">Please enable JavaScript in your browser to complete this form.<\/noscript><div id=\"wpforms-error-noscript\" style=\"display: none;\">Please enable JavaScript in your browser to complete this form.<\/div><div class=\"wpforms-field-container\"><div id=\"wpforms-7930-field_21-container\" class=\"wpforms-field wpforms-field-text\" data-field-id=\"21\"><label class=\"wpforms-field-label\" for=\"wpforms-7930-field_21\">Firmenname <span class=\"wpforms-required-label\" aria-hidden=\"true\">*<\/span><\/label><input type=\"text\" id=\"wpforms-7930-field_21\" class=\"wpforms-field-medium wpforms-field-required\" name=\"wpforms[fields][21]\" aria-errormessage=\"wpforms-7930-field_21-error\" required><\/div><div id=\"wpforms-7930-field_9-container\" class=\"wpforms-field wpforms-field-select wpforms-field-select-style-classic\" data-field-id=\"9\"><label class=\"wpforms-field-label\" for=\"wpforms-7930-field_9\">Anrede<\/label><select id=\"wpforms-7930-field_9\" class=\"wpforms-field-small\" name=\"wpforms[fields][9]\"><option value=\"Herr\"  class=\"choice-1 depth-1\"  >Herr<\/option><option value=\"Frau\"  class=\"choice-2 depth-1\"  >Frau<\/option><option value=\"divers\"  class=\"choice-3 depth-1\"  >divers<\/option><option value=\"keine Angabe\"  class=\"choice-4 depth-1\"  >keine Angabe<\/option><\/select><\/div><div id=\"wpforms-7930-field_8-container\" class=\"wpforms-field wpforms-field-name\" data-field-id=\"8\"><fieldset><legend class=\"wpforms-field-label\">Name<\/legend><div class=\"wpforms-field-row wpforms-field-medium\"><div class=\"wpforms-field-row-block wpforms-first wpforms-one-half\"><input type=\"text\" id=\"wpforms-7930-field_8\" class=\"wpforms-field-name-first\" name=\"wpforms[fields][8][first]\" placeholder=\"Vorname\" aria-errormessage=\"wpforms-7930-field_8-error\" ><label for=\"wpforms-7930-field_8\" class=\"wpforms-field-sublabel after wpforms-sublabel-hide\">First<\/label><\/div><div class=\"wpforms-field-row-block wpforms-one-half\"><input type=\"text\" id=\"wpforms-7930-field_8-last\" class=\"wpforms-field-name-last\" name=\"wpforms[fields][8][last]\" placeholder=\"Nachname\" aria-errormessage=\"wpforms-7930-field_8-last-error\" ><label for=\"wpforms-7930-field_8-last\" class=\"wpforms-field-sublabel after wpforms-sublabel-hide\">Last<\/label><\/div><\/div><\/fieldset><\/div><div id=\"wpforms-7930-field_4-container\" class=\"wpforms-field wpforms-field-text\" data-field-id=\"4\"><label class=\"wpforms-field-label\" for=\"wpforms-7930-field_4\">Stra\u00dfe, Hausnummer <span class=\"wpforms-required-label\" aria-hidden=\"true\">*<\/span><\/label><input type=\"text\" id=\"wpforms-7930-field_4\" class=\"wpforms-field-medium wpforms-field-required\" name=\"wpforms[fields][4]\" aria-errormessage=\"wpforms-7930-field_4-error\" required><\/div><div id=\"wpforms-7930-field_23-container\" class=\"wpforms-field wpforms-field-name\" data-field-id=\"23\"><fieldset><legend class=\"wpforms-field-label\">PLZ, Ort <span class=\"wpforms-required-label\" aria-hidden=\"true\">*<\/span><\/legend><div class=\"wpforms-field-row wpforms-field-medium\"><div class=\"wpforms-field-row-block wpforms-first wpforms-one-half\"><input type=\"text\" id=\"wpforms-7930-field_23\" class=\"wpforms-field-name-first wpforms-field-required\" name=\"wpforms[fields][23][first]\" placeholder=\"PLZ\" aria-errormessage=\"wpforms-7930-field_23-error\" required><label for=\"wpforms-7930-field_23\" class=\"wpforms-field-sublabel after wpforms-sublabel-hide\">First<\/label><\/div><div class=\"wpforms-field-row-block wpforms-one-half\"><input type=\"text\" id=\"wpforms-7930-field_23-last\" class=\"wpforms-field-name-last wpforms-field-required\" name=\"wpforms[fields][23][last]\" placeholder=\"Ort\" aria-errormessage=\"wpforms-7930-field_23-last-error\" required><label for=\"wpforms-7930-field_23-last\" class=\"wpforms-field-sublabel after wpforms-sublabel-hide\">Last<\/label><\/div><\/div><\/fieldset><\/div><div id=\"wpforms-7930-field_7-container\" class=\"wpforms-field wpforms-field-email\" data-field-id=\"7\"><label class=\"wpforms-field-label\" for=\"wpforms-7930-field_7\">Email <span class=\"wpforms-required-label\" aria-hidden=\"true\">*<\/span><\/label><input type=\"email\" id=\"wpforms-7930-field_7\" class=\"wpforms-field-medium wpforms-field-required\" name=\"wpforms[fields][7]\" spellcheck=\"false\" aria-errormessage=\"wpforms-7930-field_7-error\" required><\/div><div id=\"wpforms-7930-field_13-container\" class=\"wpforms-field wpforms-field-text\" data-field-id=\"13\"><label class=\"wpforms-field-label\" for=\"wpforms-7930-field_13\">Telefonnummer<\/label><input type=\"text\" id=\"wpforms-7930-field_13\" class=\"wpforms-field-medium\" name=\"wpforms[fields][13]\" aria-errormessage=\"wpforms-7930-field_13-error\" ><\/div><div id=\"wpforms-7930-field_14-container\" class=\"wpforms-field wpforms-field-number\" data-field-id=\"14\"><label class=\"wpforms-field-label\" for=\"wpforms-7930-field_14\">Anzahl SKUs<\/label><input type=\"number\" id=\"wpforms-7930-field_14\" class=\"wpforms-field-medium\" name=\"wpforms[fields][14]\" step=\"any\" aria-errormessage=\"wpforms-7930-field_14-error\" aria-describedby=\"wpforms-7930-field_14-description\" ><div id=\"wpforms-7930-field_14-description\" class=\"wpforms-field-description\">1 Variante = 1 SKU<\/div><\/div><div id=\"wpforms-7930-field_32-container\" class=\"wpforms-field wpforms-field-text\" data-field-id=\"32\"><label class=\"wpforms-field-label\" for=\"wpforms-7930-field_32\">Warengruppe<\/label><input type=\"text\" id=\"wpforms-7930-field_32\" class=\"wpforms-field-medium\" name=\"wpforms[fields][32]\" aria-errormessage=\"wpforms-7930-field_32-error\" aria-describedby=\"wpforms-7930-field_32-description\" ><div id=\"wpforms-7930-field_32-description\" class=\"wpforms-field-description\">Bitte ggf. Beispiele nennen, Angabe durchschnittliche Gr\u00f6\u00dfe\/Gewicht der Einzelartikel (LxBxH in cm, Gewicht in kg)<\/div><\/div>\t\t<div id=\"wpforms-7930-field_1-container\"\n\t\t\tclass=\"wpforms-field wpforms-field-text\"\n\t\t\tdata-field-type=\"text\"\n\t\t\tdata-field-id=\"1\"\n\t\t\t>\n\t\t\t<label class=\"wpforms-field-label\" for=\"wpforms-7930-field_1\" >Firmenname Anforderungen Stra\u00dfe,<\/label>\n\t\t\t<input type=\"text\" id=\"wpforms-7930-field_1\" class=\"wpforms-field-medium\" name=\"wpforms[fields][1]\" >\n\t\t<\/div>\n\t\t<div id=\"wpforms-7930-field_33-container\" class=\"wpforms-field wpforms-field-text\" data-field-id=\"33\"><label class=\"wpforms-field-label\" for=\"wpforms-7930-field_33\">Ben\u00f6tigter Lagerplatz | Anzahl Paletten<\/label><input type=\"text\" id=\"wpforms-7930-field_33\" class=\"wpforms-field-medium\" name=\"wpforms[fields][33]\" aria-errormessage=\"wpforms-7930-field_33-error\" aria-describedby=\"wpforms-7930-field_33-description\" ><div id=\"wpforms-7930-field_33-description\" class=\"wpforms-field-description\">Bitte ggf. Angabe, ob Anlieferung von Mischpaletten, sortenreinen Paletten, Container<\/div><\/div><div id=\"wpforms-7930-field_34-container\" class=\"wpforms-field wpforms-field-text\" data-field-id=\"34\"><label class=\"wpforms-field-label\" for=\"wpforms-7930-field_34\">Geplante Auftragsmenge | Sendungen pro Monat<\/label><input type=\"text\" id=\"wpforms-7930-field_34\" class=\"wpforms-field-medium\" name=\"wpforms[fields][34]\" aria-errormessage=\"wpforms-7930-field_34-error\" ><\/div><div id=\"wpforms-7930-field_35-container\" class=\"wpforms-field wpforms-field-text\" data-field-id=\"35\"><label class=\"wpforms-field-label\" for=\"wpforms-7930-field_35\">Durchschnittliche Anzahl Picks \/ Auftrag<\/label><input type=\"text\" id=\"wpforms-7930-field_35\" class=\"wpforms-field-medium\" name=\"wpforms[fields][35]\" aria-errormessage=\"wpforms-7930-field_35-error\" ><\/div><div id=\"wpforms-7930-field_15-container\" class=\"wpforms-field wpforms-field-textarea\" data-field-id=\"15\"><label class=\"wpforms-field-label\" for=\"wpforms-7930-field_15\">Versandart<\/label><textarea id=\"wpforms-7930-field_15\" class=\"wpforms-field-medium\" name=\"wpforms[fields][15]\" aria-errormessage=\"wpforms-7930-field_15-error\" aria-describedby=\"wpforms-7930-field_15-description\" ><\/textarea><div id=\"wpforms-7930-field_15-description\" class=\"wpforms-field-description\">Pakete bis max. 20 kg | Pakete 20 - 31,5 kg | Sperrgut | Palettenversand - falls m\u00f6glich, jeweils mit ungef\u00e4hrer Angabe des Anteils am Gesamtvolumen in %<\/div><\/div><div id=\"wpforms-7930-field_22-container\" class=\"wpforms-field wpforms-field-text\" data-field-id=\"22\"><label class=\"wpforms-field-label\" for=\"wpforms-7930-field_22\">Liefergebiete<\/label><input type=\"text\" id=\"wpforms-7930-field_22\" class=\"wpforms-field-medium\" name=\"wpforms[fields][22]\" aria-errormessage=\"wpforms-7930-field_22-error\" aria-describedby=\"wpforms-7930-field_22-description\" ><div id=\"wpforms-7930-field_22-description\" class=\"wpforms-field-description\">DE | EU | Weltweit - falls m\u00f6glich, jeweils mit ungef\u00e4hrer Angabe des Anteils am Gesamtvolumen in %<\/div><\/div><div id=\"wpforms-7930-field_20-container\" class=\"wpforms-field wpforms-field-textarea\" data-field-id=\"20\"><label class=\"wpforms-field-label\" for=\"wpforms-7930-field_20\">Besonderheiten | Sonstige Anforderungen oder Hinweise<\/label><textarea id=\"wpforms-7930-field_20\" class=\"wpforms-field-medium\" name=\"wpforms[fields][20]\" aria-errormessage=\"wpforms-7930-field_20-error\" aria-describedby=\"wpforms-7930-field_20-description\" ><\/textarea><div id=\"wpforms-7930-field_20-description\" class=\"wpforms-field-description\">z.B. Retourenmanagement, Schnittstellenprogrammierung, Anbringen von Aufklebern, Flyerbeilage, Konfektionierung, Displaybau, Individualisierung durch unsere Laser-Gravur-Anlagen etc.<\/div><\/div><script>\n\t\t\t\t( function() {\n\t\t\t\t\tconst style = document.createElement( 'style' );\n\t\t\t\t\tstyle.appendChild( document.createTextNode( '#wpforms-7930-field_1-container { position: absolute !important; overflow: hidden !important; display: inline !important; height: 1px !important; width: 1px !important; z-index: -1000 !important; padding: 0 !important; } #wpforms-7930-field_1-container input { visibility: hidden; } #wpforms-conversational-form-page #wpforms-7930-field_1-container label { counter-increment: none; }' ) );\n\t\t\t\t\tdocument.head.appendChild( style );\n\t\t\t\t\tdocument.currentScript?.remove();\n\t\t\t\t} )();\n\t\t\t<\/script><\/div><!-- .wpforms-field-container --><div class=\"wpforms-recaptcha-container wpforms-is-recaptcha wpforms-is-recaptcha-type-v2\" ><div class=\"g-recaptcha\" data-sitekey=\"6LdfirIqAAAAAHlDCdST8q2vMLiwLjtEmq2ur46e\"><\/div><input type=\"text\" name=\"g-recaptcha-hidden\" class=\"wpforms-recaptcha-hidden\" style=\"position:absolute!important;clip:rect(0,0,0,0)!important;height:1px!important;width:1px!important;border:0!important;overflow:hidden!important;padding:0!important;margin:0!important;\" data-rule-recaptcha=\"1\"><\/div><div class=\"wpforms-submit-container\" ><input type=\"hidden\" name=\"wpforms[id]\" value=\"7930\"><input type=\"hidden\" name=\"page_title\" value=\"\"><input type=\"hidden\" name=\"page_url\" value=\"https:\/\/stg-htz-app-01.prochannel.de\/en\/wp-json\/wp\/v2\/pages\/7918\"><input type=\"hidden\" name=\"url_referer\" value=\"\"><button type=\"submit\" name=\"wpforms[submit]\" id=\"wpforms-submit-7930\" class=\"wpforms-submit\" data-alt-text=\"...wird gesendet\" data-submit-text=\"Anfrage senden\" aria-live=\"assertive\" value=\"wpforms-submit\">Anfrage senden<\/button><img decoding=\"async\" src=\"https:\/\/stg-htz-app-01.prochannel.de\/wp-content\/plugins\/wpforms-lite\/assets\/images\/submit-spin.svg\" class=\"wpforms-submit-spinner\" style=\"display: none;\" width=\"26\" height=\"26\" alt=\"Loading\"><\/div><input type=\"hidden\" name=\"trp-form-language\" value=\"en\"\/><\/form><\/div>  <!-- .wpforms-container -->\t\t\t\t<\/div>\n\t\t\t\t<\/div>\n\t\t\t\t<div class=\"elementor-element elementor-element-6f9bfb3 elementor-widget elementor-widget-text-editor\" data-id=\"6f9bfb3\" data-element_type=\"widget\" data-e-type=\"widget\" data-widget_type=\"text-editor.default\">\n\t\t\t\t<div class=\"elementor-widget-container\">\n\t\t\t\t\t\t\t\t\t<p><span style=\"font-size: 10px;\">Wir verarbeiten die hier eingegebenen Informationen und Daten, um Ihre Anfrage beziehungsweise Ihr Anliegen zu bearbeiten (Art. 6 Abs. 1 lit. b oder Art. 6 Abs. 1 f DSGVO). <\/span><br \/><span style=\"font-size: 10px;\">Weitere Informationen finden Sie in unseren <a href=\"https:\/\/www.prochannel.de\/datenschutz\/\">Datenschutzhinweisen<\/a>.<\/span><br \/><span style=\"font-size: 10px;\">Zum Absenden ben\u00f6tigen wir\u00a0<strong>reCAPTCHA<\/strong>. In dem Fall werden Daten mit Google ausgetauscht. Wenn Sie das nicht m\u00f6chten, k\u00f6nnen Sie uns auch eine E-Mail schreiben.\u00a0<\/span><br \/><span style=\"font-size: 10px;\">Weitere Informationen finden Sie in unseren <a href=\"https:\/\/www.prochannel.de\/datenschutz\/\">Datenschutzhinweisen<\/a>.<\/span><\/p><p><span style=\"font-size: 10px;\">Felder mit * gekennzeichnet sind Pflichtfelder.<\/span><\/p>\t\t\t\t\t\t\t\t<\/div>\n\t\t\t\t<\/div>\n\t\t\t\t\t<\/div>\n\t\t\t\t<\/div>\n\t\t<div class=\"elementor-element elementor-element-9544f63 e-flex e-con-boxed e-con e-parent\" data-id=\"9544f63\" data-element_type=\"container\" data-e-type=\"container\">\r\n\t\t\t\t\t<div class=\"e-con-inner\">\r\n\t\t\t\t<div class=\"elementor-element elementor-element-90da9d8 elementor-widget elementor-widget-spacer\" data-id=\"90da9d8\" data-element_type=\"widget\" data-e-type=\"widget\" data-widget_type=\"spacer.default\">\n\t\t\t\t<div class=\"elementor-widget-container\">\n\t\t\t\t\t\t\t<div class=\"elementor-spacer\">\n\t\t\t<div class=\"elementor-spacer-inner\"><\/div>\n\t\t<\/div>\n\t\t\t\t\t\t<\/div>\n\t\t\t\t<\/div>\n\t\t\t\t\t<\/div>\n\t\t\t\t<\/div>\n\t\t\t\t<\/div>","protected":false},"excerpt":{"rendered":"<p>Home Ihr individuelles Angebot Jetzt anfragen! Um Ihnen ein ma\u00dfgeschneidertes und unverbindliches Angebot unterbreiten zu k\u00f6nnen, bitten wir Sie, unseren Fulfillmentfragebogen auszuf\u00fcllen. Ihre Antworten helfen uns, Ihre individuellen Bed\u00fcrfnisse und W\u00fcnsche besser zu verstehen. Je detaillierter Sie die Fragen beantworten, desto pr\u00e4ziser k\u00f6nnen wir auf Ihre Anforderungen eingehen. Vielen Dank f\u00fcr Ihre Unterst\u00fctzung \u2013 wir [&hellip;]<\/p>","protected":false},"author":1,"featured_media":0,"parent":6446,"menu_order":0,"comment_status":"closed","ping_status":"closed","template":"","meta":{"footnotes":""},"class_list":["post-7918","page","type-page","status-publish","hentry"],"aioseo_notices":[],"_links":{"self":[{"href":"https:\/\/stg-htz-app-01.prochannel.de\/en\/wp-json\/wp\/v2\/pages\/7918","targetHints":{"allow":["GET"]}}],"collection":[{"href":"https:\/\/stg-htz-app-01.prochannel.de\/en\/wp-json\/wp\/v2\/pages"}],"about":[{"href":"https:\/\/stg-htz-app-01.prochannel.de\/en\/wp-json\/wp\/v2\/types\/page"}],"author":[{"embeddable":true,"href":"https:\/\/stg-htz-app-01.prochannel.de\/en\/wp-json\/wp\/v2\/users\/1"}],"replies":[{"embeddable":true,"href":"https:\/\/stg-htz-app-01.prochannel.de\/en\/wp-json\/wp\/v2\/comments?post=7918"}],"version-history":[{"count":46,"href":"https:\/\/stg-htz-app-01.prochannel.de\/en\/wp-json\/wp\/v2\/pages\/7918\/revisions"}],"predecessor-version":[{"id":9625,"href":"https:\/\/stg-htz-app-01.prochannel.de\/en\/wp-json\/wp\/v2\/pages\/7918\/revisions\/9625"}],"up":[{"embeddable":true,"href":"https:\/\/stg-htz-app-01.prochannel.de\/en\/wp-json\/wp\/v2\/pages\/6446"}],"wp:attachment":[{"href":"https:\/\/stg-htz-app-01.prochannel.de\/en\/wp-json\/wp\/v2\/media?parent=7918"}],"curies":[{"name":"wp","href":"https:\/\/api.w.org\/{rel}","templated":true}]}}