{"id":6770,"date":"2024-11-14T15:16:22","date_gmt":"2024-11-14T14:16:22","guid":{"rendered":"http:\/\/docker.prochannel.de:32768\/?page_id=6770"},"modified":"2025-03-31T08:15:48","modified_gmt":"2025-03-31T06:15:48","slug":"order-management","status":"publish","type":"page","link":"https:\/\/stg-htz-app-01.prochannel.de\/en\/logistik\/order-management\/","title":{"rendered":"Order Management"},"content":{"rendered":"<div data-elementor-type=\"wp-page\" data-elementor-id=\"6770\" class=\"elementor elementor-6770\">\n\t\t\t\t<div class=\"elementor-element elementor-element-0d22203 e-flex e-con-boxed e-con e-parent\" data-id=\"0d22203\" data-element_type=\"container\" data-e-type=\"container\" data-settings=\"{&quot;background_background&quot;:&quot;classic&quot;}\">\r\n\t\t\t\t\t<div class=\"e-con-inner\">\r\n\t\t\t\t<div class=\"elementor-element elementor-element-ba10e52 elementor-widget elementor-widget-porto_page_header\" data-id=\"ba10e52\" data-element_type=\"widget\" data-e-type=\"widget\" data-widget_type=\"porto_page_header.default\">\n\t\t\t\t<div class=\"elementor-widget-container\">\n\t\t\t\t\t<div class=\"page-top page-header-2\"><style>.page-top { background: none; border-bottom: none; } .page-top .page-title:not(.b-none):after { display: none; }<\/style><div class=\"container\">\r\n\t<div class=\"row\">\r\n\t\t<div class=\"col-lg-12\">\r\n\t\t\t<div class=\"\">\r\n\t\t\t\t\t\t\t\t<h1 class=\"page-title\"><\/h1>\r\n\t\t\t\t\t\t\t<\/div>\r\n\t\t\t\t\t\t\t<div class=\"breadcrumbs-wrap\">\r\n\t\t\t\t\t<ul class=\"breadcrumb\" itemscope itemtype=\"https:\/\/schema.org\/BreadcrumbList\"><li class=\"home\" itemprop=\"itemListElement\" itemscope itemtype=\"https:\/\/schema.org\/ListItem\"><a itemprop=\"item\" href=\"https:\/\/stg-htz-app-01.prochannel.de\/en\" title=\"Go to Home Page\"><span itemprop=\"name\">Home<\/span><\/a><meta itemprop=\"position\" content=\"1\" \/><i class=\"delimiter delimiter-2\"><\/i><\/li><\/ul>\t\t\t\t<\/div>\r\n\t\t\t\t\t\t\t\t<\/div>\r\n\t<\/div>\r\n<\/div>\r\n<\/div>\t\t\t\t<\/div>\n\t\t\t\t<\/div>\n\t\t\t\t\t<\/div>\n\t\t\t\t<\/div>\n\t\t<div class=\"elementor-element elementor-element-f24ba67 e-flex e-con-boxed e-con e-parent\" data-id=\"f24ba67\" data-element_type=\"container\" data-e-type=\"container\">\r\n\t\t\t\t\t<div class=\"e-con-inner\">\r\n\t\t\t\t<div class=\"elementor-element elementor-element-4e82411 elementor-widget elementor-widget-spacer\" data-id=\"4e82411\" data-element_type=\"widget\" data-e-type=\"widget\" data-widget_type=\"spacer.default\">\n\t\t\t\t<div class=\"elementor-widget-container\">\n\t\t\t\t\t\t\t<div class=\"elementor-spacer\">\n\t\t\t<div class=\"elementor-spacer-inner\"><\/div>\n\t\t<\/div>\n\t\t\t\t\t\t<\/div>\n\t\t\t\t<\/div>\n\t\t\t\t\t<\/div>\n\t\t\t\t<\/div>\n\t\t<div class=\"elementor-element elementor-element-9ee415c e-flex e-con-boxed e-con e-parent\" data-id=\"9ee415c\" data-element_type=\"container\" data-e-type=\"container\">\r\n\t\t\t\t\t<div class=\"e-con-inner\">\r\n\t\t\t\t<div class=\"elementor-element elementor-element-f5e7b26 elementor-widget elementor-widget-heading\" data-id=\"f5e7b26\" data-element_type=\"widget\" data-e-type=\"widget\" data-widget_type=\"heading.default\">\n\t\t\t\t<div class=\"elementor-widget-container\">\n\t\t\t\t\t<h2 class=\"elementor-heading-title elementor-size-default\">IN JEDEM SCHRITT: OPTIMALE PROZESSE F\u00dcR IHRE ENDKUNDEN!<\/h2>\t\t\t\t<\/div>\n\t\t\t\t<\/div>\n\t\t\t\t<div class=\"elementor-element elementor-element-797a0bc elementor-widget elementor-widget-heading\" data-id=\"797a0bc\" data-element_type=\"widget\" data-e-type=\"widget\" data-widget_type=\"heading.default\">\n\t\t\t\t<div class=\"elementor-widget-container\">\n\t\t\t\t\t<h4 class=\"elementor-heading-title elementor-size-default\">Effiziente Verwaltung und Abwicklung von Kundenbestellungen.<\/h4>\t\t\t\t<\/div>\n\t\t\t\t<\/div>\n\t\t\t\t<div class=\"elementor-element elementor-element-4c31895 elementor-widget elementor-widget-spacer\" data-id=\"4c31895\" data-element_type=\"widget\" data-e-type=\"widget\" data-widget_type=\"spacer.default\">\n\t\t\t\t<div class=\"elementor-widget-container\">\n\t\t\t\t\t\t\t<div class=\"elementor-spacer\">\n\t\t\t<div class=\"elementor-spacer-inner\"><\/div>\n\t\t<\/div>\n\t\t\t\t\t\t<\/div>\n\t\t\t\t<\/div>\n\t\t\t\t\t<\/div>\n\t\t\t\t<\/div>\n\t\t<div class=\"elementor-element elementor-element-6d5ac74 e-flex e-con-boxed e-con e-parent\" data-id=\"6d5ac74\" data-element_type=\"container\" data-e-type=\"container\">\r\n\t\t\t\t\t<div class=\"e-con-inner\">\r\n\t\t\t\t<div class=\"elementor-element elementor-element-68c2f66 elementor-widget elementor-widget-text-editor\" data-id=\"68c2f66\" data-element_type=\"widget\" data-e-type=\"widget\" data-widget_type=\"text-editor.default\">\n\t\t\t\t<div class=\"elementor-widget-container\">\n\t\t\t\t\t\t\t\t\t<p>Order Management ist der Schl\u00fcssel zu einem reibungslosen Einkaufserlebnis Ihrer Kunden und umfasst den gesamten Prozess der Verwaltung und Abwicklung von Bestellungen \u2013 vom Kauf bis zur Lieferung. Dieser umfassende Prozess beinhaltet mehrere wesentliche Komponenten, die sicherstellen, dass Ihre Kunden stets zufrieden sind und ihre Bestellungen p\u00fcnktlich erhalten. Entdecken Sie, wie unser effektives Order Management Ihr Gesch\u00e4ft voranbringen kann!<\/p>\t\t\t\t\t\t\t\t<\/div>\n\t\t\t\t<\/div>\n\t\t\t\t\t<\/div>\n\t\t\t\t<\/div>\n\t\t<div class=\"elementor-element elementor-element-50f36c0 e-flex e-con-boxed e-con e-parent\" data-id=\"50f36c0\" data-element_type=\"container\" data-e-type=\"container\">\r\n\t\t\t\t\t<div class=\"e-con-inner\">\r\n\t\t\t\t<div class=\"elementor-element elementor-element-ddedca6 elementor-widget elementor-widget-spacer\" data-id=\"ddedca6\" data-element_type=\"widget\" data-e-type=\"widget\" data-widget_type=\"spacer.default\">\n\t\t\t\t<div class=\"elementor-widget-container\">\n\t\t\t\t\t\t\t<div class=\"elementor-spacer\">\n\t\t\t<div class=\"elementor-spacer-inner\"><\/div>\n\t\t<\/div>\n\t\t\t\t\t\t<\/div>\n\t\t\t\t<\/div>\n\t\t\t\t\t<\/div>\n\t\t\t\t<\/div>\n\t\t<div class=\"elementor-element elementor-element-ca8fd7d e-flex e-con-boxed e-con e-parent\" data-id=\"ca8fd7d\" data-element_type=\"container\" data-e-type=\"container\" data-settings=\"{&quot;background_background&quot;:&quot;classic&quot;}\">\r\n\t\t\t\t\t<div class=\"e-con-inner\">\r\n\t\t\t\t<div class=\"elementor-element elementor-element-0fa2870 elementor-widget elementor-widget-spacer\" data-id=\"0fa2870\" data-element_type=\"widget\" data-e-type=\"widget\" data-widget_type=\"spacer.default\">\n\t\t\t\t<div class=\"elementor-widget-container\">\n\t\t\t\t\t\t\t<div class=\"elementor-spacer\">\n\t\t\t<div class=\"elementor-spacer-inner\"><\/div>\n\t\t<\/div>\n\t\t\t\t\t\t<\/div>\n\t\t\t\t<\/div>\n\t\t\t\t\t<\/div>\n\t\t\t\t<\/div>\n\t\t<div class=\"elementor-element elementor-element-4061d00 e-flex e-con-boxed e-con e-parent\" data-id=\"4061d00\" data-element_type=\"container\" data-e-type=\"container\" data-settings=\"{&quot;background_background&quot;:&quot;classic&quot;}\">\r\n\t\t\t\t\t<div class=\"e-con-inner\">\r\n\t\t\t\t<div class=\"elementor-element elementor-element-d68e5bf elementor-widget elementor-widget-porto_steps\" data-id=\"d68e5bf\" data-element_type=\"widget\" data-e-type=\"widget\" data-widget_type=\"porto_steps.default\">\n\t\t\t\t<div class=\"elementor-widget-container\">\n\t\t\t\t\t<div class=\"porto-process\"><div class=\"process-step\"><div class=\"process-step-circle\"><strong class=\"process-step-circle-content\"><i class=\"fas fa-laptop-code\"><\/i><\/strong><\/div><div class=\"process-step-content\"><h4 class=\"step-item-title\">Bestellbearbeitung<\/h4><div class=\"process-step-desc\"><p>Ihre Kundenbestellungen werden schnell und zuverl\u00e4ssig entgegengenommen und best\u00e4tigt. Egal, ob die Bestellungen \u00fcber Online-Shops, Online-Marktpl\u00e4ze oder anderweitig eingehen \u2013 wir garantieren einen reibungslosen Ablauf. Unser engagiertes Team k\u00fcmmert sich um jede Bestellung mit h\u00f6chster Sorgfalt, sodass Ihre Kunden stets zeitnah und termingerecht ihre Sendungen erhalten.<\/p><\/div><\/div><\/div><div class=\"process-step\"><div class=\"process-step-circle\"><strong class=\"process-step-circle-content\"><i class=\"fas fa-warehouse\"><\/i><\/strong><\/div><div class=\"process-step-content\"><h4 class=\"step-item-title\">Bestandsverwaltung<\/h4><div class=\"process-step-desc\"><p>Wir sorgen f\u00fcr eine pr\u00e4zise \u00dcberwachung Ihrer Lagerbest\u00e4nde, damit Ihre Produkte jederzeit f\u00fcr die Erf\u00fcllung verf\u00fcgbar sind. Wir k\u00fcmmern uns um das kontinuierliche Monitoring der Best\u00e4nde, sodass Sie immer rechtzeitig nachbestellen k\u00f6nnen, um Engp\u00e4sse zu vermeiden. Zudem \u00fcbernehmen wir das effiziente Management von R\u00fccksendungen, um Ihre Lagerprozesse zu optimieren.<\/p><\/div><\/div><\/div><div class=\"process-step\"><div class=\"process-step-circle\"><strong class=\"process-step-circle-content\"><i class=\"fas fa-box-open\"><\/i><\/strong><\/div><div class=\"process-step-content\"><h4 class=\"step-item-title\">Auftragsabwicklung<\/h4><div class=\"process-step-desc\"><p>Wir sorgen, dass Ihre Produkte effizient und zuverl\u00e4ssig zu Ihren Kunden gelangen. Wir \u00fcbernehmen die Kommissionierung, sorgf\u00e4ltige Verpackung und den Versand Ihrer Waren, um einen reibungslosen Ablauf zu gew\u00e4hrleisten. Dabei koordinieren wir auch die Zusammenarbeit mit Lagern und Drittanbietern von Logistikdiensten, um Ihnen maximale Flexibilit\u00e4t und Effizienz zu bieten.<\/p><\/div><\/div><\/div><div class=\"process-step\"><div class=\"process-step-circle\"><strong class=\"process-step-circle-content\"><i class=\"far fa-comments\"><\/i><\/strong><\/div><div class=\"process-step-content\"><h4 class=\"step-item-title\">Kundenkommunikation<\/h4><div class=\"process-step-desc\"><p>Unser Unternehmen bietet erstklassigen Kundenservice, der sowohl per E-Mail als auch telefonisch erreichbar ist. Unser fachkundiges Team steht Ihren Kunden im 1st-Level-Support zur Seite und sorgt daf\u00fcr, dass Ihre Anliegen schnell und kompetent bearbeitet werden. Egal, ob Ihre Kunden Fragen haben oder Unterst\u00fctzung ben\u00f6tigen, wir sind hier, um Ihnen den bestm\u00f6glichen Service zu bieten!<\/p><\/div><\/div><\/div><div class=\"process-step\"><div class=\"process-step-circle\"><strong class=\"process-step-circle-content\"><i class=\"fas fa-fast-backward\"><\/i><\/strong><\/div><div class=\"process-step-content\"><h4 class=\"step-item-title\">Retourenmanagement<\/h4><div class=\"process-step-desc\"><p>Wir bieten eine effiziente Handhabung von R\u00fccksendungen und Umtausch, um Ihren Kunden ein reibungsloses Erlebnis zu garantieren. Wir k\u00fcmmern uns um die schnelle Bearbeitung von R\u00fcckerstattungen und sorgen daf\u00fcr, dass retournierte Artikel zeitnah wieder im Lager verf\u00fcgbar sind. Mit unserem professionellen Ansatz minimieren wir den Aufwand f\u00fcr Sie und maximieren die Zufriedenheit Ihrer Kunden.<\/p><\/div><\/div><\/div><div class=\"process-step\"><div class=\"process-step-circle\"><strong class=\"process-step-circle-content\"><i class=\"fas fa-info-circle\"><\/i><\/strong><\/div><div class=\"process-step-content\"><h4 class=\"step-item-title\">Datenanalyse<\/h4><div class=\"process-step-desc\"><p>Unsere M\u00f6glichkeiten der Datenanalyse bieten Ihnen wertvolle Einblicke in Ihre Bestelldaten, um Trends zu identifizieren und fundierte Entscheidungen zu treffen. Durch die detaillierte Analyse Ihrer Verkaufszahlen und Kundenverhalten helfen wir Ihnen, Prozesse zu optimieren und Ihre Effizienz zu steigern. So k\u00f6nnen Sie nicht nur Ihre Abl\u00e4ufe verbessern, sondern auch die Kundenzufriedenheit nachhaltig erh\u00f6hen.<\/p><\/div><\/div><\/div><\/div>\t\t\t\t<\/div>\n\t\t\t\t<\/div>\n\t\t\t\t\t<\/div>\n\t\t\t\t<\/div>\n\t\t<div class=\"elementor-element elementor-element-64ac8c3 e-flex e-con-boxed e-con e-parent\" data-id=\"64ac8c3\" data-element_type=\"container\" data-e-type=\"container\">\r\n\t\t\t\t\t<div class=\"e-con-inner\">\r\n\t\t\t\t<div class=\"elementor-element elementor-element-58c246a elementor-widget elementor-widget-spacer\" data-id=\"58c246a\" data-element_type=\"widget\" data-e-type=\"widget\" data-widget_type=\"spacer.default\">\n\t\t\t\t<div class=\"elementor-widget-container\">\n\t\t\t\t\t\t\t<div class=\"elementor-spacer\">\n\t\t\t<div class=\"elementor-spacer-inner\"><\/div>\n\t\t<\/div>\n\t\t\t\t\t\t<\/div>\n\t\t\t\t<\/div>\n\t\t\t\t\t<\/div>\n\t\t\t\t<\/div>\n\t\t<div class=\"elementor-element elementor-element-6cb7a9a e-flex e-con-boxed e-con e-parent\" data-id=\"6cb7a9a\" data-element_type=\"container\" data-e-type=\"container\" data-settings=\"{&quot;background_background&quot;:&quot;classic&quot;}\">\r\n\t\t\t\t\t<div class=\"e-con-inner\">\r\n\t\t\t\t<div class=\"elementor-element elementor-element-5db4e57 elementor-widget elementor-widget-spacer\" data-id=\"5db4e57\" data-element_type=\"widget\" data-e-type=\"widget\" data-widget_type=\"spacer.default\">\n\t\t\t\t<div class=\"elementor-widget-container\">\n\t\t\t\t\t\t\t<div class=\"elementor-spacer\">\n\t\t\t<div class=\"elementor-spacer-inner\"><\/div>\n\t\t<\/div>\n\t\t\t\t\t\t<\/div>\n\t\t\t\t<\/div>\n\t\t\t\t\t<\/div>\n\t\t\t\t<\/div>\n\t\t<div class=\"elementor-element elementor-element-4d8307a e-flex e-con-boxed e-con e-parent\" data-id=\"4d8307a\" data-element_type=\"container\" data-e-type=\"container\" data-settings=\"{&quot;background_background&quot;:&quot;classic&quot;}\">\r\n\t\t\t\t\t<div class=\"e-con-inner\">\r\n\t\t\t\t<div class=\"elementor-element elementor-element-8ad41be elementor-widget elementor-widget-porto_ultimate_heading\" data-id=\"8ad41be\" data-element_type=\"widget\" data-e-type=\"widget\" data-widget_type=\"porto_ultimate_heading.default\">\n\t\t\t\t<div class=\"elementor-widget-container\">\n\t\t\t\t\t<div class=\"porto-u-heading  porto-u-bd11424de395366805213f3c847c9ae4\"><div class=\"porto-u-main-heading\"><h3   >Vertrauen Sie auf unsere Expertise!<\/h3><\/div><style>.porto-u-bd11424de395366805213f3c847c9ae4.porto-u-heading{text-align:center}<\/style><\/div>\t\t\t\t<\/div>\n\t\t\t\t<\/div>\n\t\t\t\t<div class=\"elementor-element elementor-element-e3e264b elementor-widget elementor-widget-text-editor\" data-id=\"e3e264b\" data-element_type=\"widget\" data-e-type=\"widget\" data-widget_type=\"text-editor.default\">\n\t\t\t\t<div class=\"elementor-widget-container\">\n\t\t\t\t\t\t\t\t\t<p><span style=\"font-size: 16px;\">Ein <strong>effektives Order Management<\/strong> ist f\u00fcr Unternehmen von entscheidender Bedeutung und heutzutage unerl\u00e4sslich. Wir unterst\u00fctzen Sie gerne dabei, Ihre Order Management Prozesse zu optimieren, damit Sie Ihren Kunden p\u00fcnktliche Lieferungen garantieren k\u00f6nnen und Ihnen deren positives Feedback sicher ist.<\/span><\/p>\t\t\t\t\t\t\t\t<\/div>\n\t\t\t\t<\/div>\n\t\t\t\t<div class=\"elementor-element elementor-element-382ad2c elementor-widget elementor-widget-porto_button\" data-id=\"382ad2c\" data-element_type=\"widget\" data-e-type=\"widget\" data-settings=\"{&quot;align&quot;:&quot;center&quot;}\" data-widget_type=\"porto_button.default\">\n\t\t\t\t<div class=\"elementor-widget-container\">\n\t\t\t\t\t<a aria-label=\"button\" class=\"btn btn-md btn-primary btn-modern btn-full-rounded btn-icon\" href=\"https:\/\/www.prochannel.de\/kontakt\/\"><i class=\"fas fa-envelope\"><\/i><span >Kontaktieren Sie Uns!<\/span><\/a>\t\t\t\t<\/div>\n\t\t\t\t<\/div>\n\t\t\t\t<div class=\"elementor-element elementor-element-34a6db4 elementor-widget elementor-widget-spacer\" data-id=\"34a6db4\" data-element_type=\"widget\" data-e-type=\"widget\" data-widget_type=\"spacer.default\">\n\t\t\t\t<div class=\"elementor-widget-container\">\n\t\t\t\t\t\t\t<div class=\"elementor-spacer\">\n\t\t\t<div class=\"elementor-spacer-inner\"><\/div>\n\t\t<\/div>\n\t\t\t\t\t\t<\/div>\n\t\t\t\t<\/div>\n\t\t\t\t\t<\/div>\n\t\t\t\t<\/div>\n\t\t<div class=\"elementor-element elementor-element-1b2dcbf e-flex e-con-boxed e-con e-parent\" data-id=\"1b2dcbf\" data-element_type=\"container\" data-e-type=\"container\">\r\n\t\t\t\t\t<div class=\"e-con-inner\">\r\n\t\t\t\t<div class=\"elementor-element elementor-element-a94b344 elementor-widget elementor-widget-spacer\" data-id=\"a94b344\" data-element_type=\"widget\" data-e-type=\"widget\" data-widget_type=\"spacer.default\">\n\t\t\t\t<div class=\"elementor-widget-container\">\n\t\t\t\t\t\t\t<div class=\"elementor-spacer\">\n\t\t\t<div class=\"elementor-spacer-inner\"><\/div>\n\t\t<\/div>\n\t\t\t\t\t\t<\/div>\n\t\t\t\t<\/div>\n\t\t\t\t\t<\/div>\n\t\t\t\t<\/div>\n\t\t<div class=\"elementor-element elementor-element-b0a85bc e-flex e-con-boxed e-con e-parent\" data-id=\"b0a85bc\" data-element_type=\"container\" data-e-type=\"container\">\r\n\t\t\t\t\t<div class=\"e-con-inner\">\r\n\t\t\t\t<div class=\"elementor-element elementor-element-825653c elementor-widget elementor-widget-spacer\" data-id=\"825653c\" data-element_type=\"widget\" data-e-type=\"widget\" data-widget_type=\"spacer.default\">\n\t\t\t\t<div class=\"elementor-widget-container\">\n\t\t\t\t\t\t\t<div class=\"elementor-spacer\">\n\t\t\t<div class=\"elementor-spacer-inner\"><\/div>\n\t\t<\/div>\n\t\t\t\t\t\t<\/div>\n\t\t\t\t<\/div>\n\t\t\t\t\t<\/div>\n\t\t\t\t<\/div>\n\t\t<div class=\"elementor-element elementor-element-97abdea e-flex e-con-boxed e-con e-parent\" data-id=\"97abdea\" data-element_type=\"container\" data-e-type=\"container\">\r\n\t\t\t\t\t<div class=\"e-con-inner\">\r\n\t\t\t\t<div class=\"elementor-element elementor-element-c77d9b3 elementor-widget elementor-widget-heading\" data-id=\"c77d9b3\" data-element_type=\"widget\" data-e-type=\"widget\" data-widget_type=\"heading.default\">\n\t\t\t\t<div class=\"elementor-widget-container\">\n\t\t\t\t\t<h5 class=\"elementor-heading-title elementor-size-default\">UNSER INFOFLYER F\u00dcR SIE ZUM DOWNLOAD.\u200b<\/h5>\t\t\t\t<\/div>\n\t\t\t\t<\/div>\n\t\t<div class=\"elementor-element elementor-element-ebc97b3 e-con-full e-flex e-con e-child\" data-id=\"ebc97b3\" data-element_type=\"container\" data-e-type=\"container\">\r\n\t\t<div class=\"elementor-element elementor-element-c15fd03 e-grid e-con-full e-con e-child\" data-id=\"c15fd03\" data-element_type=\"container\" data-e-type=\"container\">\r\n\t\t<div class=\"elementor-element elementor-element-b6ffc6c e-con-full e-flex e-con e-child\" data-id=\"b6ffc6c\" data-element_type=\"container\" data-e-type=\"container\">\r\n\t\t\t\t<div class=\"elementor-element elementor-element-6f3eee6 elementor-widget elementor-widget-image\" data-id=\"6f3eee6\" data-element_type=\"widget\" data-e-type=\"widget\" data-widget_type=\"image.default\">\n\t\t\t\t<div class=\"elementor-widget-container\">\n\t\t\t\t\t\t\t\t\t\t\t\t\t\t\t\t<a href=\"https:\/\/www.prochannel.de\/wp-content\/uploads\/2025\/01\/ProChannel_Unternehmenspraesentation_web.pdf\">\n\t\t\t\t\t\t\t<img fetchpriority=\"high\" decoding=\"async\" width=\"1024\" height=\"576\" src=\"https:\/\/stg-htz-app-01.prochannel.de\/wp-content\/uploads\/2025\/01\/UnternehmenspraesentationDownload_2-1024x576.png\" class=\"attachment-large size-large wp-image-8487\" alt=\"ProChannel Unternehmenspr\u00e4sentation Download\" srcset=\"https:\/\/stg-htz-app-01.prochannel.de\/wp-content\/uploads\/2025\/01\/UnternehmenspraesentationDownload_2-1024x576.png 1024w, https:\/\/stg-htz-app-01.prochannel.de\/wp-content\/uploads\/2025\/01\/UnternehmenspraesentationDownload_2-768x432.png 768w, https:\/\/stg-htz-app-01.prochannel.de\/wp-content\/uploads\/2025\/01\/UnternehmenspraesentationDownload_2-640x360.png 640w, https:\/\/stg-htz-app-01.prochannel.de\/wp-content\/uploads\/2025\/01\/UnternehmenspraesentationDownload_2-400x225.png 400w, https:\/\/stg-htz-app-01.prochannel.de\/wp-content\/uploads\/2025\/01\/UnternehmenspraesentationDownload_2-367x206.png 367w\" sizes=\"(max-width: 1024px) 100vw, 1024px\" \/>\t\t\t\t\t\t\t\t<\/a>\n\t\t\t\t\t\t\t\t\t\t\t\t\t\t\t<\/div>\n\t\t\t\t<\/div>\n\t\t\t\t<div class=\"elementor-element elementor-element-1ad2bca elementor-widget elementor-widget-text-editor\" data-id=\"1ad2bca\" data-element_type=\"widget\" data-e-type=\"widget\" data-widget_type=\"text-editor.default\">\n\t\t\t\t<div class=\"elementor-widget-container\">\n\t\t\t\t\t\t\t\t\t<div style=\"text-align: center;\"><strong>Unternehmenspr\u00e4sentation<\/strong><\/div><div style=\"text-align: center;\">Pure eCommerce Logistik<\/div>\t\t\t\t\t\t\t\t<\/div>\n\t\t\t\t<\/div>\n\t\t\t\t<\/div>\n\t\t<div class=\"elementor-element elementor-element-66e465f e-con-full e-flex e-con e-child\" data-id=\"66e465f\" data-element_type=\"container\" data-e-type=\"container\">\r\n\t\t\t\t<div class=\"elementor-element elementor-element-33ad24a elementor-widget elementor-widget-image\" data-id=\"33ad24a\" data-element_type=\"widget\" data-e-type=\"widget\" data-widget_type=\"image.default\">\n\t\t\t\t<div class=\"elementor-widget-container\">\n\t\t\t\t\t\t\t\t\t\t\t\t\t\t\t\t<a href=\"https:\/\/www.prochannel.de\/wp-content\/uploads\/2025\/01\/ProChannel_Flyer_web.pdf\">\n\t\t\t\t\t\t\t<img decoding=\"async\" width=\"1024\" height=\"724\" src=\"https:\/\/stg-htz-app-01.prochannel.de\/wp-content\/uploads\/2025\/01\/FlyerDownload_3-1-1024x724.jpg\" class=\"attachment-large size-large wp-image-8486\" alt=\"ProChannel Fyler Download\" srcset=\"https:\/\/stg-htz-app-01.prochannel.de\/wp-content\/uploads\/2025\/01\/FlyerDownload_3-1-1024x724.jpg 1024w, https:\/\/stg-htz-app-01.prochannel.de\/wp-content\/uploads\/2025\/01\/FlyerDownload_3-1-768x543.jpg 768w, https:\/\/stg-htz-app-01.prochannel.de\/wp-content\/uploads\/2025\/01\/FlyerDownload_3-1-640x452.jpg 640w, https:\/\/stg-htz-app-01.prochannel.de\/wp-content\/uploads\/2025\/01\/FlyerDownload_3-1-400x283.jpg 400w, https:\/\/stg-htz-app-01.prochannel.de\/wp-content\/uploads\/2025\/01\/FlyerDownload_3-1-367x259.jpg 367w\" sizes=\"(max-width: 1024px) 100vw, 1024px\" \/>\t\t\t\t\t\t\t\t<\/a>\n\t\t\t\t\t\t\t\t\t\t\t\t\t\t\t<\/div>\n\t\t\t\t<\/div>\n\t\t\t\t<div class=\"elementor-element elementor-element-d9fef2b elementor-widget elementor-widget-text-editor\" data-id=\"d9fef2b\" data-element_type=\"widget\" data-e-type=\"widget\" data-widget_type=\"text-editor.default\">\n\t\t\t\t<div class=\"elementor-widget-container\">\n\t\t\t\t\t\t\t\t\t<div style=\"text-align: center;\"><strong>Full Service-Flyer<br \/><\/strong><\/div><div style=\"text-align: center;\">Pure eCommerce Logistik<\/div>\t\t\t\t\t\t\t\t<\/div>\n\t\t\t\t<\/div>\n\t\t\t\t<\/div>\n\t\t\t\t<\/div>\n\t\t\t\t<\/div>\n\t\t\t\t\t<\/div>\n\t\t\t\t<\/div>\n\t\t\t\t<\/div>","protected":false},"excerpt":{"rendered":"<p>Home IN JEDEM SCHRITT: OPTIMALE PROZESSE F\u00dcR IHRE ENDKUNDEN! Effiziente Verwaltung und Abwicklung von Kundenbestellungen. Order Management ist der Schl\u00fcssel zu einem reibungslosen Einkaufserlebnis Ihrer Kunden und umfasst den gesamten Prozess der Verwaltung und Abwicklung von Bestellungen \u2013 vom Kauf bis zur Lieferung. Dieser umfassende Prozess beinhaltet mehrere wesentliche Komponenten, die sicherstellen, dass Ihre Kunden [&hellip;]<\/p>","protected":false},"author":1,"featured_media":0,"parent":6732,"menu_order":0,"comment_status":"closed","ping_status":"closed","template":"","meta":{"footnotes":""},"class_list":["post-6770","page","type-page","status-publish","hentry"],"aioseo_notices":[],"_links":{"self":[{"href":"https:\/\/stg-htz-app-01.prochannel.de\/en\/wp-json\/wp\/v2\/pages\/6770","targetHints":{"allow":["GET"]}}],"collection":[{"href":"https:\/\/stg-htz-app-01.prochannel.de\/en\/wp-json\/wp\/v2\/pages"}],"about":[{"href":"https:\/\/stg-htz-app-01.prochannel.de\/en\/wp-json\/wp\/v2\/types\/page"}],"author":[{"embeddable":true,"href":"https:\/\/stg-htz-app-01.prochannel.de\/en\/wp-json\/wp\/v2\/users\/1"}],"replies":[{"embeddable":true,"href":"https:\/\/stg-htz-app-01.prochannel.de\/en\/wp-json\/wp\/v2\/comments?post=6770"}],"version-history":[{"count":91,"href":"https:\/\/stg-htz-app-01.prochannel.de\/en\/wp-json\/wp\/v2\/pages\/6770\/revisions"}],"predecessor-version":[{"id":9257,"href":"https:\/\/stg-htz-app-01.prochannel.de\/en\/wp-json\/wp\/v2\/pages\/6770\/revisions\/9257"}],"up":[{"embeddable":true,"href":"https:\/\/stg-htz-app-01.prochannel.de\/en\/wp-json\/wp\/v2\/pages\/6732"}],"wp:attachment":[{"href":"https:\/\/stg-htz-app-01.prochannel.de\/en\/wp-json\/wp\/v2\/media?parent=6770"}],"curies":[{"name":"wp","href":"https:\/\/api.w.org\/{rel}","templated":true}]}}