{"id":6304,"date":"2024-11-11T08:40:18","date_gmt":"2024-11-11T07:40:18","guid":{"rendered":"http:\/\/docker.prochannel.de:32768\/?page_id=6304"},"modified":"2025-05-22T16:27:37","modified_gmt":"2025-05-22T14:27:37","slug":"kunden","status":"publish","type":"page","link":"https:\/\/stg-htz-app-01.prochannel.de\/en\/kunden\/","title":{"rendered":"Kunden"},"content":{"rendered":"<div data-elementor-type=\"wp-page\" data-elementor-id=\"6304\" class=\"elementor elementor-6304\">\n\t\t\t\t<div class=\"elementor-element elementor-element-0d22203 e-flex e-con-boxed e-con e-parent\" data-id=\"0d22203\" data-element_type=\"container\" data-e-type=\"container\" data-settings=\"{&quot;background_background&quot;:&quot;classic&quot;}\">\r\n\t\t\t\t\t<div class=\"e-con-inner\">\r\n\t\t\t\t<div class=\"elementor-element elementor-element-8fa2b4d elementor-widget elementor-widget-porto_page_header\" data-id=\"8fa2b4d\" data-element_type=\"widget\" data-e-type=\"widget\" data-widget_type=\"porto_page_header.default\">\n\t\t\t\t<div class=\"elementor-widget-container\">\n\t\t\t\t\t<div class=\"page-top page-header-2\"><style>.page-top { background: none; border-bottom: none; } .page-top .page-title:not(.b-none):after { display: none; }<\/style><div class=\"container\">\r\n\t<div class=\"row\">\r\n\t\t<div class=\"col-lg-12\">\r\n\t\t\t<div class=\"\">\r\n\t\t\t\t\t\t\t\t<h1 class=\"page-title\">Unsere Kunden<\/h1>\r\n\t\t\t\t\t\t\t<\/div>\r\n\t\t\t\t\t\t\t<div class=\"breadcrumbs-wrap\">\r\n\t\t\t\t\t<ul class=\"breadcrumb\" itemscope itemtype=\"https:\/\/schema.org\/BreadcrumbList\"><li class=\"home\" itemprop=\"itemListElement\" itemscope itemtype=\"https:\/\/schema.org\/ListItem\"><a itemprop=\"item\" href=\"https:\/\/stg-htz-app-01.prochannel.de\/en\" title=\"Go to Home Page\"><span itemprop=\"name\">Home<\/span><\/a><meta itemprop=\"position\" content=\"1\" \/><i class=\"delimiter delimiter-2\"><\/i><\/li><\/ul>\t\t\t\t<\/div>\r\n\t\t\t\t\t\t\t\t<\/div>\r\n\t<\/div>\r\n<\/div>\r\n<\/div>\t\t\t\t<\/div>\n\t\t\t\t<\/div>\n\t\t\t\t\t<\/div>\n\t\t\t\t<\/div>\n\t\t<div class=\"elementor-element elementor-element-f24ba67 e-flex e-con-boxed e-con e-parent\" data-id=\"f24ba67\" data-element_type=\"container\" data-e-type=\"container\">\r\n\t\t\t\t\t<div class=\"e-con-inner\">\r\n\t\t\t\t<div class=\"elementor-element elementor-element-4e82411 elementor-widget elementor-widget-spacer\" data-id=\"4e82411\" data-element_type=\"widget\" data-e-type=\"widget\" data-widget_type=\"spacer.default\">\n\t\t\t\t<div class=\"elementor-widget-container\">\n\t\t\t\t\t\t\t<div class=\"elementor-spacer\">\n\t\t\t<div class=\"elementor-spacer-inner\"><\/div>\n\t\t<\/div>\n\t\t\t\t\t\t<\/div>\n\t\t\t\t<\/div>\n\t\t\t\t\t<\/div>\n\t\t\t\t<\/div>\n\t\t<div class=\"elementor-element elementor-element-822de26 e-flex e-con-boxed e-con e-parent\" data-id=\"822de26\" data-element_type=\"container\" data-e-type=\"container\">\r\n\t\t\t\t\t<div class=\"e-con-inner\">\r\n\t\t\t\t<div class=\"elementor-element elementor-element-87a9fb0 elementor-widget elementor-widget-heading\" data-id=\"87a9fb0\" data-element_type=\"widget\" data-e-type=\"widget\" data-widget_type=\"heading.default\">\n\t\t\t\t<div class=\"elementor-widget-container\">\n\t\t\t\t\t<h2 class=\"elementor-heading-title elementor-size-default\">Gemeinsam zum Erfolg<\/h2>\t\t\t\t<\/div>\n\t\t\t\t<\/div>\n\t\t\t\t<div class=\"elementor-element elementor-element-b3d22c0 elementor-widget elementor-widget-heading\" data-id=\"b3d22c0\" data-element_type=\"widget\" data-e-type=\"widget\" data-widget_type=\"heading.default\">\n\t\t\t\t<div class=\"elementor-widget-container\">\n\t\t\t\t\t<h4 class=\"elementor-heading-title elementor-size-default\">Vertrauen Sie auf unsere Expertise und erleben Sie, wie wir Ihre Fulfillment-Prozesse optimieren!<\/h4>\t\t\t\t<\/div>\n\t\t\t\t<\/div>\n\t\t\t\t<div class=\"elementor-element elementor-element-95c798e elementor-widget elementor-widget-spacer\" data-id=\"95c798e\" data-element_type=\"widget\" data-e-type=\"widget\" data-widget_type=\"spacer.default\">\n\t\t\t\t<div class=\"elementor-widget-container\">\n\t\t\t\t\t\t\t<div class=\"elementor-spacer\">\n\t\t\t<div class=\"elementor-spacer-inner\"><\/div>\n\t\t<\/div>\n\t\t\t\t\t\t<\/div>\n\t\t\t\t<\/div>\n\t\t\t\t\t<\/div>\n\t\t\t\t<\/div>\n\t\t<div class=\"elementor-element elementor-element-6d5ac74 e-flex e-con-boxed e-con e-parent\" data-id=\"6d5ac74\" data-element_type=\"container\" data-e-type=\"container\">\r\n\t\t\t\t\t<div class=\"e-con-inner\">\r\n\t\t\t\t<div class=\"elementor-element elementor-element-68c2f66 elementor-widget elementor-widget-text-editor\" data-id=\"68c2f66\" data-element_type=\"widget\" data-e-type=\"widget\" data-widget_type=\"text-editor.default\">\n\t\t\t\t<div class=\"elementor-widget-container\">\n\t\t\t\t\t\t\t\t\t<p>Bei ProChannel sind wir stolz darauf, mit einer Vielzahl von renommierten Unternehmen zusammenzuarbeiten, die auf unsere Expertise im Bereich Fulfillment vertrauen. Unsere langj\u00e4hrigen Kundenbeziehungen sind das Ergebnis von Vertrauen, Transparenz und einem tiefen Verst\u00e4ndnis f\u00fcr die individuellen Bed\u00fcrfnisse unserer Partner.<\/p><p><strong>Ma\u00dfgeschneiderte L\u00f6sungen f\u00fcr jeden Kunden<\/strong><\/p><p>Wir wissen, dass jeder Kunde einzigartig ist und spezifische Anforderungen hat. Deshalb legen wir gro\u00dfen Wert darauf, die Prozesse unserer Partner genau zu verstehen. Durch enge Zusammenarbeit und regelm\u00e4\u00dfigen Austausch entwickeln wir ma\u00dfgeschneiderte L\u00f6sungen, die nicht nur die Effizienz steigern, sondern auch die Zufriedenheit der Endkunden erh\u00f6hen.<\/p><p><strong>Langj\u00e4hrige Partnerschaften<\/strong><\/p><p>Unsere Kunden sch\u00e4tzen die Stabilit\u00e4t und Verl\u00e4sslichkeit, die wir bieten. Viele unserer Partnerschaften bestehen seit Jahren und sind durch kontinuierliche Verbesserungen und Anpassungen gepr\u00e4gt. Wir sind stolz darauf, als vertrauensw\u00fcrdiger Partner an der Seite unserer Kunden zu stehen und gemeinsam mit ihnen zu wachsen.<\/p>\t\t\t\t\t\t\t\t<\/div>\n\t\t\t\t<\/div>\n\t\t\t\t\t<\/div>\n\t\t\t\t<\/div>\n\t\t<div class=\"elementor-element elementor-element-d7a4c5c e-flex e-con-boxed e-con e-parent\" data-id=\"d7a4c5c\" data-element_type=\"container\" data-e-type=\"container\" data-settings=\"{&quot;background_background&quot;:&quot;classic&quot;}\">\r\n\t\t\t\t\t<div class=\"e-con-inner\">\r\n\t\t\t\t<div class=\"elementor-element elementor-element-7b7d087 elementor-widget elementor-widget-spacer\" data-id=\"7b7d087\" data-element_type=\"widget\" data-e-type=\"widget\" data-widget_type=\"spacer.default\">\n\t\t\t\t<div class=\"elementor-widget-container\">\n\t\t\t\t\t\t\t<div class=\"elementor-spacer\">\n\t\t\t<div class=\"elementor-spacer-inner\"><\/div>\n\t\t<\/div>\n\t\t\t\t\t\t<\/div>\n\t\t\t\t<\/div>\n\t\t\t\t\t<\/div>\n\t\t\t\t<\/div>\n\t\t<div class=\"elementor-element elementor-element-257371e e-flex e-con-boxed e-con e-parent\" data-id=\"257371e\" data-element_type=\"container\" data-e-type=\"container\">\r\n\t\t\t\t\t<div class=\"e-con-inner\">\r\n\t\t<div class=\"elementor-element elementor-element-1812dbb e-con-full e-flex elementor-invisible e-con e-child\" data-id=\"1812dbb\" data-element_type=\"container\" data-e-type=\"container\" data-settings=\"{&quot;animation&quot;:&quot;fadeIn&quot;}\">\r\n\t\t\t\t<div class=\"elementor-element elementor-element-f2a3804 elementor-widget-divider--view-line_text elementor-widget-divider--element-align-center elementor-widget elementor-widget-divider\" data-id=\"f2a3804\" data-element_type=\"widget\" data-e-type=\"widget\" data-widget_type=\"divider.default\">\n\t\t\t\t<div class=\"elementor-widget-container\">\n\t\t\t\t\t\t\t<div class=\"elementor-divider\">\n\t\t\t<span class=\"elementor-divider-separator\">\n\t\t\t\t\t\t\t<span class=\"elementor-divider__text elementor-divider__element\">\n\t\t\t\tUnsere zufriedenen Kunden und PArtner\t\t\t\t<\/span>\n\t\t\t\t\t\t<\/span>\n\t\t<\/div>\n\t\t\t\t\t\t<\/div>\n\t\t\t\t<\/div>\n\t\t\t\t<div class=\"elementor-element elementor-element-3f05492 elementor-widget elementor-widget-spacer\" data-id=\"3f05492\" data-element_type=\"widget\" data-e-type=\"widget\" data-widget_type=\"spacer.default\">\n\t\t\t\t<div class=\"elementor-widget-container\">\n\t\t\t\t\t\t\t<div class=\"elementor-spacer\">\n\t\t\t<div class=\"elementor-spacer-inner\"><\/div>\n\t\t<\/div>\n\t\t\t\t\t\t<\/div>\n\t\t\t\t<\/div>\n\t\t\t\t<\/div>\n\t\t\t\t\t<\/div>\n\t\t\t\t<\/div>\n\t\t<div class=\"elementor-element elementor-element-cc3ef24 e-flex e-con-boxed e-con e-parent\" data-id=\"cc3ef24\" data-element_type=\"container\" data-e-type=\"container\">\r\n\t\t\t\t\t<div class=\"e-con-inner\">\r\n\t\t<div class=\"elementor-element elementor-element-8e1366e e-grid e-con-full e-con e-child\" data-id=\"8e1366e\" data-element_type=\"container\" data-e-type=\"container\">\r\n\t\t<a class=\"elementor-element elementor-element-6c24f09 e-con-full e-flex e-con e-child\" data-id=\"6c24f09\" data-element_type=\"container\" data-e-type=\"container\" data-settings=\"{&quot;background_background&quot;:&quot;classic&quot;}\" href=\"https:\/\/www.hoogo.world\" target=\"_blank\">\r\n\t\t\t\t<div class=\"elementor-element elementor-element-9badf4c elementor-widget elementor-widget-spacer\" data-id=\"9badf4c\" data-element_type=\"widget\" data-e-type=\"widget\" data-widget_type=\"spacer.default\">\n\t\t\t\t<div class=\"elementor-widget-container\">\n\t\t\t\t\t\t\t<div class=\"elementor-spacer\">\n\t\t\t<div class=\"elementor-spacer-inner\"><\/div>\n\t\t<\/div>\n\t\t\t\t\t\t<\/div>\n\t\t\t\t<\/div>\n\t\t\t\t<\/a>\n\t\t<a class=\"elementor-element elementor-element-576f5d4 e-con-full e-flex e-con e-child\" data-id=\"576f5d4\" data-element_type=\"container\" data-e-type=\"container\" data-settings=\"{&quot;background_background&quot;:&quot;classic&quot;}\" href=\"https:\/\/www.kookoo.eu\/\" target=\"_blank\">\r\n\t\t\t\t<div class=\"elementor-element elementor-element-cfa4216 elementor-widget elementor-widget-spacer\" data-id=\"cfa4216\" data-element_type=\"widget\" data-e-type=\"widget\" data-widget_type=\"spacer.default\">\n\t\t\t\t<div class=\"elementor-widget-container\">\n\t\t\t\t\t\t\t<div class=\"elementor-spacer\">\n\t\t\t<div class=\"elementor-spacer-inner\"><\/div>\n\t\t<\/div>\n\t\t\t\t\t\t<\/div>\n\t\t\t\t<\/div>\n\t\t\t\t<\/a>\n\t\t<a class=\"elementor-element elementor-element-7cd4c43 e-con-full e-flex e-con e-child\" data-id=\"7cd4c43\" data-element_type=\"container\" data-e-type=\"container\" data-settings=\"{&quot;background_background&quot;:&quot;classic&quot;}\" href=\"https:\/\/craftcircus.de\/\" target=\"_blank\">\r\n\t\t\t\t<div class=\"elementor-element elementor-element-939ed9e elementor-widget elementor-widget-spacer\" data-id=\"939ed9e\" data-element_type=\"widget\" data-e-type=\"widget\" data-widget_type=\"spacer.default\">\n\t\t\t\t<div class=\"elementor-widget-container\">\n\t\t\t\t\t\t\t<div class=\"elementor-spacer\">\n\t\t\t<div class=\"elementor-spacer-inner\"><\/div>\n\t\t<\/div>\n\t\t\t\t\t\t<\/div>\n\t\t\t\t<\/div>\n\t\t\t\t<\/a>\n\t\t<a class=\"elementor-element elementor-element-cb324ec e-con-full e-flex e-con e-child\" data-id=\"cb324ec\" data-element_type=\"container\" data-e-type=\"container\" data-settings=\"{&quot;background_background&quot;:&quot;classic&quot;}\" href=\"https:\/\/oyess.de\/\" target=\"_blank\">\r\n\t\t\t\t<div class=\"elementor-element elementor-element-12f04e1 elementor-widget elementor-widget-spacer\" data-id=\"12f04e1\" data-element_type=\"widget\" data-e-type=\"widget\" data-widget_type=\"spacer.default\">\n\t\t\t\t<div class=\"elementor-widget-container\">\n\t\t\t\t\t\t\t<div class=\"elementor-spacer\">\n\t\t\t<div class=\"elementor-spacer-inner\"><\/div>\n\t\t<\/div>\n\t\t\t\t\t\t<\/div>\n\t\t\t\t<\/div>\n\t\t\t\t<\/a>\n\t\t<a class=\"elementor-element elementor-element-a0236b1 e-con-full e-flex e-con e-child\" data-id=\"a0236b1\" data-element_type=\"container\" data-e-type=\"container\" data-settings=\"{&quot;background_background&quot;:&quot;classic&quot;}\" href=\"https:\/\/sauberkugel.de\/\" target=\"_blank\">\r\n\t\t\t\t<div class=\"elementor-element elementor-element-4689fb8 elementor-widget elementor-widget-spacer\" data-id=\"4689fb8\" data-element_type=\"widget\" data-e-type=\"widget\" data-widget_type=\"spacer.default\">\n\t\t\t\t<div class=\"elementor-widget-container\">\n\t\t\t\t\t\t\t<div class=\"elementor-spacer\">\n\t\t\t<div class=\"elementor-spacer-inner\"><\/div>\n\t\t<\/div>\n\t\t\t\t\t\t<\/div>\n\t\t\t\t<\/div>\n\t\t\t\t<\/a>\n\t\t<a class=\"elementor-element elementor-element-87324a8 e-con-full e-flex e-con e-child\" data-id=\"87324a8\" data-element_type=\"container\" data-e-type=\"container\" data-settings=\"{&quot;background_background&quot;:&quot;classic&quot;}\" href=\"https:\/\/www.tropenfit.de\/\" target=\"_blank\">\r\n\t\t\t\t<div class=\"elementor-element elementor-element-fbe518f elementor-widget elementor-widget-spacer\" data-id=\"fbe518f\" data-element_type=\"widget\" data-e-type=\"widget\" data-widget_type=\"spacer.default\">\n\t\t\t\t<div class=\"elementor-widget-container\">\n\t\t\t\t\t\t\t<div class=\"elementor-spacer\">\n\t\t\t<div class=\"elementor-spacer-inner\"><\/div>\n\t\t<\/div>\n\t\t\t\t\t\t<\/div>\n\t\t\t\t<\/div>\n\t\t\t\t<\/a>\n\t\t<a class=\"elementor-element elementor-element-81e976d e-con-full e-flex e-con e-child\" data-id=\"81e976d\" data-element_type=\"container\" data-e-type=\"container\" data-settings=\"{&quot;background_background&quot;:&quot;classic&quot;}\" href=\"https:\/\/www.mabyen.com\" target=\"_blank\">\r\n\t\t\t\t<div class=\"elementor-element elementor-element-9ec90e7 elementor-widget elementor-widget-spacer\" data-id=\"9ec90e7\" data-element_type=\"widget\" data-e-type=\"widget\" data-widget_type=\"spacer.default\">\n\t\t\t\t<div class=\"elementor-widget-container\">\n\t\t\t\t\t\t\t<div class=\"elementor-spacer\">\n\t\t\t<div class=\"elementor-spacer-inner\"><\/div>\n\t\t<\/div>\n\t\t\t\t\t\t<\/div>\n\t\t\t\t<\/div>\n\t\t\t\t<\/a>\n\t\t<a class=\"elementor-element elementor-element-afb9011 e-con-full e-flex e-con e-child\" data-id=\"afb9011\" data-element_type=\"container\" data-e-type=\"container\" data-settings=\"{&quot;background_background&quot;:&quot;classic&quot;}\" href=\"https:\/\/flsk.de\/\" target=\"_blank\">\r\n\t\t\t\t<div class=\"elementor-element elementor-element-b121310 elementor-widget elementor-widget-spacer\" data-id=\"b121310\" data-element_type=\"widget\" data-e-type=\"widget\" data-widget_type=\"spacer.default\">\n\t\t\t\t<div class=\"elementor-widget-container\">\n\t\t\t\t\t\t\t<div class=\"elementor-spacer\">\n\t\t\t<div class=\"elementor-spacer-inner\"><\/div>\n\t\t<\/div>\n\t\t\t\t\t\t<\/div>\n\t\t\t\t<\/div>\n\t\t\t\t<\/a>\n\t\t<a class=\"elementor-element elementor-element-9cf7b86 e-con-full e-flex e-con e-child\" data-id=\"9cf7b86\" data-element_type=\"container\" data-e-type=\"container\" data-settings=\"{&quot;background_background&quot;:&quot;classic&quot;}\" href=\"https:\/\/www.ocha-ocha.de\/\" target=\"_blank\">\r\n\t\t\t\t<div class=\"elementor-element elementor-element-b083c41 elementor-widget elementor-widget-spacer\" data-id=\"b083c41\" data-element_type=\"widget\" data-e-type=\"widget\" data-widget_type=\"spacer.default\">\n\t\t\t\t<div class=\"elementor-widget-container\">\n\t\t\t\t\t\t\t<div class=\"elementor-spacer\">\n\t\t\t<div class=\"elementor-spacer-inner\"><\/div>\n\t\t<\/div>\n\t\t\t\t\t\t<\/div>\n\t\t\t\t<\/div>\n\t\t\t\t<\/a>\n\t\t<a class=\"elementor-element elementor-element-0577a28 e-con-full e-flex e-con e-child\" data-id=\"0577a28\" data-element_type=\"container\" data-e-type=\"container\" data-settings=\"{&quot;background_background&quot;:&quot;classic&quot;}\" href=\"https:\/\/shop.augsburger-allgemeine.de\/\" target=\"_blank\">\r\n\t\t\t\t<div class=\"elementor-element elementor-element-0d30a65 elementor-widget elementor-widget-spacer\" data-id=\"0d30a65\" data-element_type=\"widget\" data-e-type=\"widget\" data-widget_type=\"spacer.default\">\n\t\t\t\t<div class=\"elementor-widget-container\">\n\t\t\t\t\t\t\t<div class=\"elementor-spacer\">\n\t\t\t<div class=\"elementor-spacer-inner\"><\/div>\n\t\t<\/div>\n\t\t\t\t\t\t<\/div>\n\t\t\t\t<\/div>\n\t\t\t\t<\/a>\n\t\t\t\t<\/div>\n\t\t\t\t\t<\/div>\n\t\t\t\t<\/div>\n\t\t<div class=\"elementor-element elementor-element-3c8ad1d e-flex e-con-boxed e-con e-parent\" data-id=\"3c8ad1d\" data-element_type=\"container\" data-e-type=\"container\">\r\n\t\t\t\t\t<div class=\"e-con-inner\">\r\n\t\t\t\t<div class=\"elementor-element elementor-element-d7c1889 elementor-widget elementor-widget-spacer\" data-id=\"d7c1889\" data-element_type=\"widget\" data-e-type=\"widget\" data-widget_type=\"spacer.default\">\n\t\t\t\t<div class=\"elementor-widget-container\">\n\t\t\t\t\t\t\t<div class=\"elementor-spacer\">\n\t\t\t<div class=\"elementor-spacer-inner\"><\/div>\n\t\t<\/div>\n\t\t\t\t\t\t<\/div>\n\t\t\t\t<\/div>\n\t\t\t\t\t<\/div>\n\t\t\t\t<\/div>\n\t\t\t\t<\/div>","protected":false},"excerpt":{"rendered":"<p>Unsere Kunden Home Gemeinsam zum Erfolg Vertrauen Sie auf unsere Expertise und erleben Sie, wie wir Ihre Fulfillment-Prozesse optimieren! Bei ProChannel sind wir stolz darauf, mit einer Vielzahl von renommierten Unternehmen zusammenzuarbeiten, die auf unsere Expertise im Bereich Fulfillment vertrauen. Unsere langj\u00e4hrigen Kundenbeziehungen sind das Ergebnis von Vertrauen, Transparenz und einem tiefen Verst\u00e4ndnis f\u00fcr die [&hellip;]<\/p>","protected":false},"author":1,"featured_media":0,"parent":0,"menu_order":0,"comment_status":"closed","ping_status":"closed","template":"","meta":{"footnotes":""},"class_list":["post-6304","page","type-page","status-publish","hentry"],"aioseo_notices":[],"_links":{"self":[{"href":"https:\/\/stg-htz-app-01.prochannel.de\/en\/wp-json\/wp\/v2\/pages\/6304","targetHints":{"allow":["GET"]}}],"collection":[{"href":"https:\/\/stg-htz-app-01.prochannel.de\/en\/wp-json\/wp\/v2\/pages"}],"about":[{"href":"https:\/\/stg-htz-app-01.prochannel.de\/en\/wp-json\/wp\/v2\/types\/page"}],"author":[{"embeddable":true,"href":"https:\/\/stg-htz-app-01.prochannel.de\/en\/wp-json\/wp\/v2\/users\/1"}],"replies":[{"embeddable":true,"href":"https:\/\/stg-htz-app-01.prochannel.de\/en\/wp-json\/wp\/v2\/comments?post=6304"}],"version-history":[{"count":112,"href":"https:\/\/stg-htz-app-01.prochannel.de\/en\/wp-json\/wp\/v2\/pages\/6304\/revisions"}],"predecessor-version":[{"id":9613,"href":"https:\/\/stg-htz-app-01.prochannel.de\/en\/wp-json\/wp\/v2\/pages\/6304\/revisions\/9613"}],"wp:attachment":[{"href":"https:\/\/stg-htz-app-01.prochannel.de\/en\/wp-json\/wp\/v2\/media?parent=6304"}],"curies":[{"name":"wp","href":"https:\/\/api.w.org\/{rel}","templated":true}]}}