{"id":6302,"date":"2024-11-11T08:39:53","date_gmt":"2024-11-11T07:39:53","guid":{"rendered":"http:\/\/docker.prochannel.de:32768\/?page_id=6302"},"modified":"2025-03-28T14:36:41","modified_gmt":"2025-03-28T13:36:41","slug":"versanddienstleister-anbindung","status":"publish","type":"page","link":"https:\/\/stg-htz-app-01.prochannel.de\/en\/it-services\/versanddienstleister-anbindung\/","title":{"rendered":"Versanddienstleister Anbindung"},"content":{"rendered":"<div data-elementor-type=\"wp-page\" data-elementor-id=\"6302\" class=\"elementor elementor-6302\">\n\t\t\t\t<div class=\"elementor-element elementor-element-0d22203 e-flex e-con-boxed e-con e-parent\" data-id=\"0d22203\" data-element_type=\"container\" data-e-type=\"container\" data-settings=\"{&quot;background_background&quot;:&quot;classic&quot;}\">\r\n\t\t\t\t\t<div class=\"e-con-inner\">\r\n\t\t\t\t<div class=\"elementor-element elementor-element-7d76007 elementor-widget elementor-widget-porto_page_header\" data-id=\"7d76007\" data-element_type=\"widget\" data-e-type=\"widget\" data-widget_type=\"porto_page_header.default\">\n\t\t\t\t<div class=\"elementor-widget-container\">\n\t\t\t\t\t<div class=\"page-top page-header-2\"><style>.page-top { background: none; border-bottom: none; } .page-top .page-title:not(.b-none):after { display: none; }<\/style><div class=\"container\">\r\n\t<div class=\"row\">\r\n\t\t<div class=\"col-lg-12\">\r\n\t\t\t<div class=\"\">\r\n\t\t\t\t\t\t\t\t<h1 class=\"page-title\">Versanddienstleister-Anbindung<\/h1>\r\n\t\t\t\t\t\t\t<\/div>\r\n\t\t\t\t\t\t\t<div class=\"breadcrumbs-wrap\">\r\n\t\t\t\t\t<ul class=\"breadcrumb\" itemscope itemtype=\"https:\/\/schema.org\/BreadcrumbList\"><li class=\"home\" itemprop=\"itemListElement\" itemscope itemtype=\"https:\/\/schema.org\/ListItem\"><a itemprop=\"item\" href=\"https:\/\/stg-htz-app-01.prochannel.de\/en\" title=\"Go to Home Page\"><span itemprop=\"name\">Home<\/span><\/a><meta itemprop=\"position\" content=\"1\" \/><i class=\"delimiter delimiter-2\"><\/i><\/li><\/ul>\t\t\t\t<\/div>\r\n\t\t\t\t\t\t\t\t<\/div>\r\n\t<\/div>\r\n<\/div>\r\n<\/div>\t\t\t\t<\/div>\n\t\t\t\t<\/div>\n\t\t\t\t\t<\/div>\n\t\t\t\t<\/div>\n\t\t<div class=\"elementor-element elementor-element-f24ba67 e-flex e-con-boxed e-con e-parent\" data-id=\"f24ba67\" data-element_type=\"container\" data-e-type=\"container\">\r\n\t\t\t\t\t<div class=\"e-con-inner\">\r\n\t\t\t\t<div class=\"elementor-element elementor-element-4e82411 elementor-widget elementor-widget-spacer\" data-id=\"4e82411\" data-element_type=\"widget\" data-e-type=\"widget\" data-widget_type=\"spacer.default\">\n\t\t\t\t<div class=\"elementor-widget-container\">\n\t\t\t\t\t\t\t<div class=\"elementor-spacer\">\n\t\t\t<div class=\"elementor-spacer-inner\"><\/div>\n\t\t<\/div>\n\t\t\t\t\t\t<\/div>\n\t\t\t\t<\/div>\n\t\t\t\t\t<\/div>\n\t\t\t\t<\/div>\n\t\t<div class=\"elementor-element elementor-element-ef4bc84 e-flex e-con-boxed e-con e-parent\" data-id=\"ef4bc84\" data-element_type=\"container\" data-e-type=\"container\">\r\n\t\t\t\t\t<div class=\"e-con-inner\">\r\n\t\t\t\t<div class=\"elementor-element elementor-element-b18f142 elementor-widget elementor-widget-heading\" data-id=\"b18f142\" data-element_type=\"widget\" data-e-type=\"widget\" data-widget_type=\"heading.default\">\n\t\t\t\t<div class=\"elementor-widget-container\">\n\t\t\t\t\t<h2 class=\"elementor-heading-title elementor-size-default\">Versenden Sie mit uns!<\/h2>\t\t\t\t<\/div>\n\t\t\t\t<\/div>\n\t\t\t\t<div class=\"elementor-element elementor-element-fc62c55 elementor-widget elementor-widget-heading\" data-id=\"fc62c55\" data-element_type=\"widget\" data-e-type=\"widget\" data-widget_type=\"heading.default\">\n\t\t\t\t<div class=\"elementor-widget-container\">\n\t\t\t\t\t<h4 class=\"elementor-heading-title elementor-size-default\">Effizienter Versand, einfache Anbindung, optimierte Kosten!<\/h4>\t\t\t\t<\/div>\n\t\t\t\t<\/div>\n\t\t\t\t<div class=\"elementor-element elementor-element-e010f7f elementor-widget elementor-widget-spacer\" data-id=\"e010f7f\" data-element_type=\"widget\" data-e-type=\"widget\" data-widget_type=\"spacer.default\">\n\t\t\t\t<div class=\"elementor-widget-container\">\n\t\t\t\t\t\t\t<div class=\"elementor-spacer\">\n\t\t\t<div class=\"elementor-spacer-inner\"><\/div>\n\t\t<\/div>\n\t\t\t\t\t\t<\/div>\n\t\t\t\t<\/div>\n\t\t\t\t\t<\/div>\n\t\t\t\t<\/div>\n\t\t<div class=\"elementor-element elementor-element-6d5ac74 e-flex e-con-boxed e-con e-parent\" data-id=\"6d5ac74\" data-element_type=\"container\" data-e-type=\"container\">\r\n\t\t\t\t\t<div class=\"e-con-inner\">\r\n\t\t\t\t<div class=\"elementor-element elementor-element-68c2f66 elementor-widget elementor-widget-text-editor\" data-id=\"68c2f66\" data-element_type=\"widget\" data-e-type=\"widget\" data-widget_type=\"text-editor.default\">\n\t\t\t\t<div class=\"elementor-widget-container\">\n\t\t\t\t\t\t\t\t\t<p>Mit ProChannel profitieren Sie von einer kostenoptimierten Versandl\u00f6sung. <br \/>Durch unsere Partnerschaften mit verschiedenen <strong>Paketdiensten<\/strong> und <strong>Speditionen<\/strong> k\u00f6nnen wir Ihnen wettbewerbsf\u00e4hige Preise anbieten, die es Ihnen erm\u00f6glichen, Ihre Versandkosten zu senken. Wir analysieren Ihre Versandbed\u00fcrfnisse und finden die besten Optionen, um sicherzustellen, dass Ihre Produkte schnell und <strong>kosteneffizient<\/strong> an Ihre Kunden geliefert werden.<\/p>\t\t\t\t\t\t\t\t<\/div>\n\t\t\t\t<\/div>\n\t\t\t\t\t<\/div>\n\t\t\t\t<\/div>\n\t\t<div class=\"elementor-element elementor-element-2e1075b e-flex e-con-boxed e-con e-parent\" data-id=\"2e1075b\" data-element_type=\"container\" data-e-type=\"container\">\r\n\t\t\t\t\t<div class=\"e-con-inner\">\r\n\t\t\t\t<div class=\"elementor-element elementor-element-cb800c8 elementor-widget elementor-widget-spacer\" data-id=\"cb800c8\" data-element_type=\"widget\" data-e-type=\"widget\" data-widget_type=\"spacer.default\">\n\t\t\t\t<div class=\"elementor-widget-container\">\n\t\t\t\t\t\t\t<div class=\"elementor-spacer\">\n\t\t\t<div class=\"elementor-spacer-inner\"><\/div>\n\t\t<\/div>\n\t\t\t\t\t\t<\/div>\n\t\t\t\t<\/div>\n\t\t\t\t\t<\/div>\n\t\t\t\t<\/div>\n\t\t<div class=\"elementor-element elementor-element-bcca61d e-flex e-con-boxed e-con e-parent\" data-id=\"bcca61d\" data-element_type=\"container\" data-e-type=\"container\">\r\n\t\t\t\t\t<div class=\"e-con-inner\">\r\n\t\t<div class=\"elementor-element elementor-element-6fc9c68 e-con-full e-flex e-con e-child\" data-id=\"6fc9c68\" data-element_type=\"container\" data-e-type=\"container\">\r\n\t\t<div class=\"elementor-element elementor-element-5dad4d0 e-grid e-con-full e-con e-child\" data-id=\"5dad4d0\" data-element_type=\"container\" data-e-type=\"container\">\r\n\t\t<div class=\"elementor-element elementor-element-aa945d3 e-con-full e-flex e-con e-child\" data-id=\"aa945d3\" data-element_type=\"container\" data-e-type=\"container\">\r\n\t\t\t\t<div class=\"elementor-element elementor-element-d05d493 elementor-widget elementor-widget-text-editor\" data-id=\"d05d493\" data-element_type=\"widget\" data-e-type=\"widget\" data-widget_type=\"text-editor.default\">\n\t\t\t\t<div class=\"elementor-widget-container\">\n\t\t\t\t\t\t\t\t\t<p>Dank unserer <strong>direkten, automatisierten Schnittstellen<\/strong> zu verschiedenen Versanddienstleistern k\u00f6nnen wir den gesamten Versandprozess f\u00fcr Sie optimieren.<\/p><p>Wir unterst\u00fctzen Sie bei der Einrichtung und Integration, sodass Sie sofort von unseren <strong>effizienten Versandl\u00f6sungen<\/strong> profitieren k\u00f6nnen<\/p>\t\t\t\t\t\t\t\t<\/div>\n\t\t\t\t<\/div>\n\t\t\t\t<\/div>\n\t\t<div class=\"elementor-element elementor-element-c70fd77 e-con-full e-flex elementor-invisible e-con e-child\" data-id=\"c70fd77\" data-element_type=\"container\" data-e-type=\"container\" data-settings=\"{&quot;animation&quot;:&quot;fadeInRight&quot;}\">\r\n\t\t\t\t<div class=\"elementor-element elementor-element-7dc71c6 elementor-widget elementor-widget-porto_image_gallery\" data-id=\"7dc71c6\" data-element_type=\"widget\" data-e-type=\"widget\" data-settings=\"{&quot;view&quot;:&quot;grid&quot;,&quot;spacing&quot;:{&quot;unit&quot;:&quot;px&quot;,&quot;size&quot;:&quot;&quot;,&quot;sizes&quot;:[]}}\" data-widget_type=\"porto_image_gallery.default\">\n\t\t\t\t<div class=\"elementor-widget-container\">\n\t\t\t\t\t<div class=\"porto-gallery has-ccols ccols-2 ccols-sm-4 ccols-md-2 porto-gallery-grid align-items-start porto-ig-zoom\"><figure><div class=\"image-wrapper\"><img decoding=\"async\" width=\"250\" height=\"70\" src=\"https:\/\/stg-htz-app-01.prochannel.de\/wp-content\/uploads\/2024\/11\/DHL_sw.jpg\" class=\"attachment-full size-full\" alt=\"DHL_sw\" \/><\/div><\/figure><figure><div class=\"image-wrapper\"><img decoding=\"async\" width=\"250\" height=\"126\" src=\"https:\/\/stg-htz-app-01.prochannel.de\/wp-content\/uploads\/2024\/11\/DPD_sw.jpg\" class=\"attachment-full size-full\" alt=\"DPD_sw\" \/><\/div><\/figure><figure><div class=\"image-wrapper\"><img decoding=\"async\" width=\"250\" height=\"142\" src=\"https:\/\/stg-htz-app-01.prochannel.de\/wp-content\/uploads\/2024\/11\/GLS_sw.jpg\" class=\"attachment-full size-full\" alt=\"GLS_sw\" \/><\/div><\/figure><figure><div class=\"image-wrapper\"><img loading=\"lazy\" decoding=\"async\" width=\"150\" height=\"146\" src=\"https:\/\/stg-htz-app-01.prochannel.de\/wp-content\/uploads\/2024\/11\/UPS_sw-1.jpg\" class=\"attachment-full size-full\" alt=\"UPS_sw\" \/><\/div><\/figure><figure><div class=\"image-wrapper\"><img loading=\"lazy\" decoding=\"async\" width=\"250\" height=\"88\" src=\"https:\/\/stg-htz-app-01.prochannel.de\/wp-content\/uploads\/2024\/11\/Dachser_sw.jpg\" class=\"attachment-full size-full\" alt=\"Dachser_sw\" \/><\/div><\/figure><figure><div class=\"image-wrapper\"><img loading=\"lazy\" decoding=\"async\" width=\"152\" height=\"59\" src=\"https:\/\/stg-htz-app-01.prochannel.de\/wp-content\/uploads\/2025\/03\/exporto.jpg\" class=\"attachment-full size-full\" alt=\"\" \/><\/div><\/figure><\/div>\t\t\t\t<\/div>\n\t\t\t\t<\/div>\n\t\t\t\t<\/div>\n\t\t\t\t<\/div>\n\t\t\t\t<\/div>\n\t\t\t\t\t<\/div>\n\t\t\t\t<\/div>\n\t\t<div class=\"elementor-element elementor-element-e0698a0 e-flex e-con-boxed e-con e-parent\" data-id=\"e0698a0\" data-element_type=\"container\" data-e-type=\"container\">\r\n\t\t\t\t\t<div class=\"e-con-inner\">\r\n\t\t\t\t<div class=\"elementor-element elementor-element-695f75b elementor-widget elementor-widget-spacer\" data-id=\"695f75b\" data-element_type=\"widget\" data-e-type=\"widget\" data-widget_type=\"spacer.default\">\n\t\t\t\t<div class=\"elementor-widget-container\">\n\t\t\t\t\t\t\t<div class=\"elementor-spacer\">\n\t\t\t<div class=\"elementor-spacer-inner\"><\/div>\n\t\t<\/div>\n\t\t\t\t\t\t<\/div>\n\t\t\t\t<\/div>\n\t\t\t\t\t<\/div>\n\t\t\t\t<\/div>\n\t\t\t\t<\/div>","protected":false},"excerpt":{"rendered":"<p>Versanddienstleister-Anbindung Home Versenden Sie mit uns! Effizienter Versand, einfache Anbindung, optimierte Kosten! Mit ProChannel profitieren Sie von einer kostenoptimierten Versandl\u00f6sung. Durch unsere Partnerschaften mit verschiedenen Paketdiensten und Speditionen k\u00f6nnen wir Ihnen wettbewerbsf\u00e4hige Preise anbieten, die es Ihnen erm\u00f6glichen, Ihre Versandkosten zu senken. Wir analysieren Ihre Versandbed\u00fcrfnisse und finden die besten Optionen, um sicherzustellen, dass Ihre [&hellip;]<\/p>","protected":false},"author":1,"featured_media":0,"parent":8176,"menu_order":0,"comment_status":"closed","ping_status":"closed","template":"","meta":{"footnotes":""},"class_list":["post-6302","page","type-page","status-publish","hentry"],"aioseo_notices":[],"_links":{"self":[{"href":"https:\/\/stg-htz-app-01.prochannel.de\/en\/wp-json\/wp\/v2\/pages\/6302","targetHints":{"allow":["GET"]}}],"collection":[{"href":"https:\/\/stg-htz-app-01.prochannel.de\/en\/wp-json\/wp\/v2\/pages"}],"about":[{"href":"https:\/\/stg-htz-app-01.prochannel.de\/en\/wp-json\/wp\/v2\/types\/page"}],"author":[{"embeddable":true,"href":"https:\/\/stg-htz-app-01.prochannel.de\/en\/wp-json\/wp\/v2\/users\/1"}],"replies":[{"embeddable":true,"href":"https:\/\/stg-htz-app-01.prochannel.de\/en\/wp-json\/wp\/v2\/comments?post=6302"}],"version-history":[{"count":37,"href":"https:\/\/stg-htz-app-01.prochannel.de\/en\/wp-json\/wp\/v2\/pages\/6302\/revisions"}],"predecessor-version":[{"id":9228,"href":"https:\/\/stg-htz-app-01.prochannel.de\/en\/wp-json\/wp\/v2\/pages\/6302\/revisions\/9228"}],"up":[{"embeddable":true,"href":"https:\/\/stg-htz-app-01.prochannel.de\/en\/wp-json\/wp\/v2\/pages\/8176"}],"wp:attachment":[{"href":"https:\/\/stg-htz-app-01.prochannel.de\/en\/wp-json\/wp\/v2\/media?parent=6302"}],"curies":[{"name":"wp","href":"https:\/\/api.w.org\/{rel}","templated":true}]}}