{"id":6300,"date":"2024-11-11T08:39:16","date_gmt":"2024-11-11T07:39:16","guid":{"rendered":"http:\/\/docker.prochannel.de:32768\/?page_id=6300"},"modified":"2025-03-31T07:45:36","modified_gmt":"2025-03-31T05:45:36","slug":"dropshipment-service","status":"publish","type":"page","link":"https:\/\/stg-htz-app-01.prochannel.de\/en\/logistik\/dropshipment-service\/","title":{"rendered":"Dropshipment-Service"},"content":{"rendered":"<div data-elementor-type=\"wp-page\" data-elementor-id=\"6300\" class=\"elementor elementor-6300\">\n\t\t\t\t<div class=\"elementor-element elementor-element-0d22203 e-flex e-con-boxed e-con e-parent\" data-id=\"0d22203\" data-element_type=\"container\" data-e-type=\"container\" data-settings=\"{&quot;background_background&quot;:&quot;classic&quot;}\">\r\n\t\t\t\t\t<div class=\"e-con-inner\">\r\n\t\t\t\t<div class=\"elementor-element elementor-element-137d942 elementor-widget elementor-widget-porto_page_header\" data-id=\"137d942\" data-element_type=\"widget\" data-e-type=\"widget\" data-widget_type=\"porto_page_header.default\">\n\t\t\t\t<div class=\"elementor-widget-container\">\n\t\t\t\t\t<div class=\"page-top page-header-2\"><style>.page-top { background: none; border-bottom: none; } .page-top .page-title:not(.b-none):after { display: none; }<\/style><div class=\"container\">\r\n\t<div class=\"row\">\r\n\t\t<div class=\"col-lg-12\">\r\n\t\t\t<div class=\"\">\r\n\t\t\t\t\t\t\t\t<h1 class=\"page-title\"><\/h1>\r\n\t\t\t\t\t\t\t<\/div>\r\n\t\t\t\t\t\t\t<div class=\"breadcrumbs-wrap\">\r\n\t\t\t\t\t<ul class=\"breadcrumb\" itemscope itemtype=\"https:\/\/schema.org\/BreadcrumbList\"><li class=\"home\" itemprop=\"itemListElement\" itemscope itemtype=\"https:\/\/schema.org\/ListItem\"><a itemprop=\"item\" href=\"https:\/\/stg-htz-app-01.prochannel.de\/en\" title=\"Go to Home Page\"><span itemprop=\"name\">Home<\/span><\/a><meta itemprop=\"position\" content=\"1\" \/><i class=\"delimiter delimiter-2\"><\/i><\/li><\/ul>\t\t\t\t<\/div>\r\n\t\t\t\t\t\t\t\t<\/div>\r\n\t<\/div>\r\n<\/div>\r\n<\/div>\t\t\t\t<\/div>\n\t\t\t\t<\/div>\n\t\t\t\t\t<\/div>\n\t\t\t\t<\/div>\n\t\t<div class=\"elementor-element elementor-element-f24ba67 e-flex e-con-boxed e-con e-parent\" data-id=\"f24ba67\" data-element_type=\"container\" data-e-type=\"container\">\r\n\t\t\t\t\t<div class=\"e-con-inner\">\r\n\t\t\t\t<div class=\"elementor-element elementor-element-4e82411 elementor-widget elementor-widget-spacer\" data-id=\"4e82411\" data-element_type=\"widget\" data-e-type=\"widget\" data-widget_type=\"spacer.default\">\n\t\t\t\t<div class=\"elementor-widget-container\">\n\t\t\t\t\t\t\t<div class=\"elementor-spacer\">\n\t\t\t<div class=\"elementor-spacer-inner\"><\/div>\n\t\t<\/div>\n\t\t\t\t\t\t<\/div>\n\t\t\t\t<\/div>\n\t\t\t\t\t<\/div>\n\t\t\t\t<\/div>\n\t\t<div class=\"elementor-element elementor-element-bea7c95 e-flex e-con-boxed e-con e-parent\" data-id=\"bea7c95\" data-element_type=\"container\" data-e-type=\"container\">\r\n\t\t\t\t\t<div class=\"e-con-inner\">\r\n\t\t\t\t<div class=\"elementor-element elementor-element-e20c430 elementor-widget elementor-widget-heading\" data-id=\"e20c430\" data-element_type=\"widget\" data-e-type=\"widget\" data-widget_type=\"heading.default\">\n\t\t\t\t<div class=\"elementor-widget-container\">\n\t\t\t\t\t<h2 class=\"elementor-heading-title elementor-size-default\">Ihr Produkt - unser Fulfillment<\/h2>\t\t\t\t<\/div>\n\t\t\t\t<\/div>\n\t\t\t\t<div class=\"elementor-element elementor-element-926388a elementor-widget elementor-widget-heading\" data-id=\"926388a\" data-element_type=\"widget\" data-e-type=\"widget\" data-widget_type=\"heading.default\">\n\t\t\t\t<div class=\"elementor-widget-container\">\n\t\t\t\t\t<h4 class=\"elementor-heading-title elementor-size-default\">Dropshipping ohne Grenzen!<\/h4>\t\t\t\t<\/div>\n\t\t\t\t<\/div>\n\t\t\t\t<div class=\"elementor-element elementor-element-14636e2 elementor-widget elementor-widget-spacer\" data-id=\"14636e2\" data-element_type=\"widget\" data-e-type=\"widget\" data-widget_type=\"spacer.default\">\n\t\t\t\t<div class=\"elementor-widget-container\">\n\t\t\t\t\t\t\t<div class=\"elementor-spacer\">\n\t\t\t<div class=\"elementor-spacer-inner\"><\/div>\n\t\t<\/div>\n\t\t\t\t\t\t<\/div>\n\t\t\t\t<\/div>\n\t\t\t\t\t<\/div>\n\t\t\t\t<\/div>\n\t\t<div class=\"elementor-element elementor-element-563c460 e-flex e-con-boxed e-con e-parent\" data-id=\"563c460\" data-element_type=\"container\" data-e-type=\"container\">\r\n\t\t\t\t\t<div class=\"e-con-inner\">\r\n\t\t\t\t<div class=\"elementor-element elementor-element-4652d92 elementor-widget elementor-widget-text-editor\" data-id=\"4652d92\" data-element_type=\"widget\" data-e-type=\"widget\" data-widget_type=\"text-editor.default\">\n\t\t\t\t<div class=\"elementor-widget-container\">\n\t\t\t\t\t\t\t\t\t<p>In der E-Commerce-Welt ist Dropshipping eine der effektivsten Methoden, um Ihr Gesch\u00e4ft zu skalieren. <br \/>Bei ProChannel verstehen wir die Herausforderungen, die mit dem Dropshipping auf verschiedenen Online-Marktpl\u00e4tzen verbunden sind. Von der Lagerung Ihrer Produkte bis hin zur effizienten Auftragsabwicklung \u2013 wir k\u00fcmmern uns um alles, damit Sie sich auf das Wachstum Ihres Unternehmens konzentrieren k\u00f6nnen.<\/p>\t\t\t\t\t\t\t\t<\/div>\n\t\t\t\t<\/div>\n\t\t\t\t\t<\/div>\n\t\t\t\t<\/div>\n\t\t<div class=\"elementor-element elementor-element-f8e254f e-flex e-con-boxed e-con e-parent\" data-id=\"f8e254f\" data-element_type=\"container\" data-e-type=\"container\">\r\n\t\t\t\t\t<div class=\"e-con-inner\">\r\n\t\t\t\t<div class=\"elementor-element elementor-element-6ada651 elementor-widget elementor-widget-spacer\" data-id=\"6ada651\" data-element_type=\"widget\" data-e-type=\"widget\" data-widget_type=\"spacer.default\">\n\t\t\t\t<div class=\"elementor-widget-container\">\n\t\t\t\t\t\t\t<div class=\"elementor-spacer\">\n\t\t\t<div class=\"elementor-spacer-inner\"><\/div>\n\t\t<\/div>\n\t\t\t\t\t\t<\/div>\n\t\t\t\t<\/div>\n\t\t\t\t\t<\/div>\n\t\t\t\t<\/div>\n\t\t<div class=\"elementor-element elementor-element-9d59c04 e-flex e-con-boxed e-con e-parent\" data-id=\"9d59c04\" data-element_type=\"container\" data-e-type=\"container\">\r\n\t\t\t\t\t<div class=\"e-con-inner\">\r\n\t\t<div class=\"elementor-element elementor-element-b3115c9 e-grid e-con-full e-con e-child\" data-id=\"b3115c9\" data-element_type=\"container\" data-e-type=\"container\">\r\n\t\t<div class=\"elementor-element elementor-element-f10cc73 e-con-full e-flex e-con e-child\" data-id=\"f10cc73\" data-element_type=\"container\" data-e-type=\"container\">\r\n\t\t\t\t<div class=\"elementor-element elementor-element-cc604d3 elementor-widget elementor-widget-heading\" data-id=\"cc604d3\" data-element_type=\"widget\" data-e-type=\"widget\" data-widget_type=\"heading.default\">\n\t\t\t\t<div class=\"elementor-widget-container\">\n\t\t\t\t\t<h4 class=\"elementor-heading-title elementor-size-default\">Sie haben die Produkte? Wir k\u00fcmmern uns um den Rest!<\/h4>\t\t\t\t<\/div>\n\t\t\t\t<\/div>\n\t\t\t\t<div class=\"elementor-element elementor-element-8624249 elementor-widget elementor-widget-text-editor\" data-id=\"8624249\" data-element_type=\"widget\" data-e-type=\"widget\" data-widget_type=\"text-editor.default\">\n\t\t\t\t<div class=\"elementor-widget-container\">\n\t\t\t\t\t\t\t\t\t<ul><li><p><strong>Optimale Lagerung:<\/strong> Wir bieten Ihnen moderne Lagerl\u00f6sungen, die auf die spezifischen Anforderungen Ihres Sortiments abgestimmt sind. So stellen wir sicher, dass Ihre Produkte jederzeit verf\u00fcgbar sind.<\/p><\/li><li><p><strong>Marktplatz-Expertise:<\/strong> Unsere erfahrenen Mitarbeiter kennen die Besonderheiten und Herausforderungen der g\u00e4ngigsten Online-Marktpl\u00e4tze. Wir helfen Ihnen, diese H\u00fcrden zu meistern, neue Marktpl\u00e4tze zu erschlie\u00dfen und Ihre Produkte erfolgreich zu positionieren.<\/p><\/li><li><p><strong>Schnelle Auftragsabwicklung und Versand:<\/strong> Mit unserem effizienten Fulfillment-Prozess garantieren wir eine z\u00fcgige Bearbeitung Ihrer Bestellungen. Ihre Kunden werden es Ihnen danken!<\/p><\/li><li><p><strong>Transparente Kommunikation:<\/strong> Bei uns haben Sie jederzeit Einblick in den Status Ihrer Bestellungen und Lagerbest\u00e4nde. So behalten Sie die Kontrolle \u00fcber Ihr Gesch\u00e4ft.<\/p><\/li><li><p><strong>Versand und Retourenmanagement:<\/strong> Wir versenden Ihre Produkte entsprechend der Marktplatzrichtlinien. Ist eine spezielle Verpackung, eine eigene Belabelung oder die Beilage von Lieferdokumenten gefordert? Wir regeln das! <br \/>Retouren werden von uns gem\u00e4\u00df der Anweisungen bearbeitet und gemeldet, sodass Sie alle Anforderungen zu 100% erf\u00fcllen!<\/p><\/li><\/ul>\t\t\t\t\t\t\t\t<\/div>\n\t\t\t\t<\/div>\n\t\t\t\t<\/div>\n\t\t<div class=\"elementor-element elementor-element-0dec510 e-con-full e-flex e-con e-child\" data-id=\"0dec510\" data-element_type=\"container\" data-e-type=\"container\" data-settings=\"{&quot;animation&quot;:&quot;none&quot;}\">\r\n\t\t\t\t<div class=\"elementor-element elementor-element-1f4db40 elementor-widget elementor-widget-image\" data-id=\"1f4db40\" data-element_type=\"widget\" data-e-type=\"widget\" data-widget_type=\"image.default\">\n\t\t\t\t<div class=\"elementor-widget-container\">\n\t\t\t\t\t\t\t\t\t\t\t\t\t\t\t<img fetchpriority=\"high\" decoding=\"async\" width=\"822\" height=\"1024\" src=\"https:\/\/stg-htz-app-01.prochannel.de\/wp-content\/uploads\/2025\/01\/dropship4-1-822x1024.jpg\" class=\"attachment-large size-large wp-image-8172\" alt=\"DropShipment Service Grafik\" srcset=\"https:\/\/stg-htz-app-01.prochannel.de\/wp-content\/uploads\/2025\/01\/dropship4-1-822x1024.jpg 822w, https:\/\/stg-htz-app-01.prochannel.de\/wp-content\/uploads\/2025\/01\/dropship4-1-768x957.jpg 768w, https:\/\/stg-htz-app-01.prochannel.de\/wp-content\/uploads\/2025\/01\/dropship4-1-640x797.jpg 640w, https:\/\/stg-htz-app-01.prochannel.de\/wp-content\/uploads\/2025\/01\/dropship4-1-400x498.jpg 400w, https:\/\/stg-htz-app-01.prochannel.de\/wp-content\/uploads\/2025\/01\/dropship4-1-367x457.jpg 367w\" sizes=\"(max-width: 822px) 100vw, 822px\" \/>\t\t\t\t\t\t\t\t\t\t\t\t\t\t\t<\/div>\n\t\t\t\t<\/div>\n\t\t\t\t<\/div>\n\t\t\t\t<\/div>\n\t\t\t\t\t<\/div>\n\t\t\t\t<\/div>\n\t\t<div class=\"elementor-element elementor-element-c3308f2 e-flex e-con-boxed e-con e-parent\" data-id=\"c3308f2\" data-element_type=\"container\" data-e-type=\"container\">\r\n\t\t\t\t\t<div class=\"e-con-inner\">\r\n\t\t\t\t<div class=\"elementor-element elementor-element-3cfb9ae elementor-widget elementor-widget-spacer\" data-id=\"3cfb9ae\" data-element_type=\"widget\" data-e-type=\"widget\" data-widget_type=\"spacer.default\">\n\t\t\t\t<div class=\"elementor-widget-container\">\n\t\t\t\t\t\t\t<div class=\"elementor-spacer\">\n\t\t\t<div class=\"elementor-spacer-inner\"><\/div>\n\t\t<\/div>\n\t\t\t\t\t\t<\/div>\n\t\t\t\t<\/div>\n\t\t\t\t\t<\/div>\n\t\t\t\t<\/div>\n\t\t<div class=\"elementor-element elementor-element-3509a85 e-flex e-con-boxed e-con e-child\" data-id=\"3509a85\" data-element_type=\"container\" data-e-type=\"container\">\r\n\t\t\t\t\t<div class=\"e-con-inner\">\r\n\t\t\t\t<div class=\"elementor-element elementor-element-5a755ef elementor-widget elementor-widget-heading\" data-id=\"5a755ef\" data-element_type=\"widget\" data-e-type=\"widget\" data-widget_type=\"heading.default\">\n\t\t\t\t<div class=\"elementor-widget-container\">\n\t\t\t\t\t<h4 class=\"elementor-heading-title elementor-size-default\">Sie nutzen bereits Dropshipping und m\u00f6chten nun den n\u00e4chsten Schritt machen?<\/h4>\t\t\t\t<\/div>\n\t\t\t\t<\/div>\n\t\t\t\t<div class=\"elementor-element elementor-element-fe71f00 elementor-widget elementor-widget-text-editor\" data-id=\"fe71f00\" data-element_type=\"widget\" data-e-type=\"widget\" data-widget_type=\"text-editor.default\">\n\t\t\t\t<div class=\"elementor-widget-container\">\n\t\t\t\t\t\t\t\t\t<p>Verwalten Sie Ihre angebundenen Streckenlieferanten m\u00fchelos mit unserem hauseigenen Lieferantenportal <strong>econ-orders<\/strong>. Dieses leistungsstarke Tool erm\u00f6glicht es <span data-teams=\"true\">Ihren Lieferanten, Auftr\u00e4ge \u00fcber die Weboberfl\u00e4che direkt zu bearbeiten, oder die Auftragsdaten <\/span>automatisiert zu erhalten und zu \u00fcbertragen. Dabei unterst\u00fctzen wir eine Vielzahl von Austauschformaten wie<strong> XML, CSV, JSON und EDIFACT<\/strong>. Dar\u00fcber hinaus stehen Ihnen verschiedene \u00dcbertragungswege zur Verf\u00fcgung, darunter <strong>SFTP, REST, X.400 und AS2<\/strong>.<\/p><p>Mit econ-orders haben Sie alles <strong>zentralisiert und in einer Hand<\/strong> \u2013 wir sind Ihr zuverl\u00e4ssiger Partner, um Ihre Prozesse zu optimieren und zu zentralisieren.<\/p>\t\t\t\t\t\t\t\t<\/div>\n\t\t\t\t<\/div>\n\t\t\t\t\t<\/div>\n\t\t\t\t<\/div>\n\t\t<div class=\"elementor-element elementor-element-fe3b7f9 e-flex e-con-boxed e-con e-parent\" data-id=\"fe3b7f9\" data-element_type=\"container\" data-e-type=\"container\">\r\n\t\t\t\t\t<div class=\"e-con-inner\">\r\n\t\t\t\t<div class=\"elementor-element elementor-element-a72fb90 elementor-widget elementor-widget-spacer\" data-id=\"a72fb90\" data-element_type=\"widget\" data-e-type=\"widget\" data-widget_type=\"spacer.default\">\n\t\t\t\t<div class=\"elementor-widget-container\">\n\t\t\t\t\t\t\t<div class=\"elementor-spacer\">\n\t\t\t<div class=\"elementor-spacer-inner\"><\/div>\n\t\t<\/div>\n\t\t\t\t\t\t<\/div>\n\t\t\t\t<\/div>\n\t\t\t\t\t<\/div>\n\t\t\t\t<\/div>\n\t\t<div class=\"elementor-element elementor-element-48e8589 e-con-full e-flex e-con e-parent\" data-id=\"48e8589\" data-element_type=\"container\" data-e-type=\"container\">\r\n\t\t<div class=\"elementor-element elementor-element-f5a7e15 e-flex e-con-boxed e-con e-child\" data-id=\"f5a7e15\" data-element_type=\"container\" data-e-type=\"container\" data-settings=\"{&quot;background_background&quot;:&quot;classic&quot;}\">\r\n\t\t\t\t\t<div class=\"e-con-inner\">\r\n\t\t\t\t<div class=\"elementor-element elementor-element-fb82ab8 elementor-widget elementor-widget-spacer\" data-id=\"fb82ab8\" data-element_type=\"widget\" data-e-type=\"widget\" data-widget_type=\"spacer.default\">\n\t\t\t\t<div class=\"elementor-widget-container\">\n\t\t\t\t\t\t\t<div class=\"elementor-spacer\">\n\t\t\t<div class=\"elementor-spacer-inner\"><\/div>\n\t\t<\/div>\n\t\t\t\t\t\t<\/div>\n\t\t\t\t<\/div>\n\t\t\t\t<div class=\"elementor-element elementor-element-5704b3b elementor-widget elementor-widget-text-editor\" data-id=\"5704b3b\" data-element_type=\"widget\" data-e-type=\"widget\" data-widget_type=\"text-editor.default\">\n\t\t\t\t<div class=\"elementor-widget-container\">\n\t\t\t\t\t\t\t\t\t<p><span style=\"color: #ffffff;\">Mit unserem Dropshipping-Service haben Sie die Freiheit, Ihr Gesch\u00e4ft zu erweitern, ohne sich um die Herausforderungen einer <strong>Marktplatzanbindung<\/strong> k\u00fcmmern zu m\u00fcssen. Wir sind Ihr zuverl\u00e4ssiger Partner, der Ihnen hilft, Ihre Ziele zu erreichen und Ihr Gesch\u00e4ft auf das n\u00e4chste Level zu heben.<\/span><\/p>\t\t\t\t\t\t\t\t<\/div>\n\t\t\t\t<\/div>\n\t\t<div class=\"elementor-element elementor-element-c34f073 e-grid e-con-full e-con e-child\" data-id=\"c34f073\" data-element_type=\"container\" data-e-type=\"container\">\r\n\t\t<div class=\"elementor-element elementor-element-0300fd2 e-con-full e-flex e-con e-child\" data-id=\"0300fd2\" data-element_type=\"container\" data-e-type=\"container\">\r\n\t\t\t\t<div class=\"elementor-element elementor-element-9a9c77e elementor-widget elementor-widget-text-editor\" data-id=\"9a9c77e\" data-element_type=\"widget\" data-e-type=\"widget\" data-widget_type=\"text-editor.default\">\n\t\t\t\t<div class=\"elementor-widget-container\">\n\t\t\t\t\t\t\t\t\t<p style=\"text-align: right;\"><span style=\"color: #ffffff;\">Erhalten Sie einen \u00dcberblick \u00fcber unsere<\/span><\/p>\t\t\t\t\t\t\t\t<\/div>\n\t\t\t\t<\/div>\n\t\t\t\t<\/div>\n\t\t<div class=\"elementor-element elementor-element-3d35702 e-con-full e-flex e-con e-child\" data-id=\"3d35702\" data-element_type=\"container\" data-e-type=\"container\">\r\n\t\t\t\t<div class=\"elementor-element elementor-element-afb0fa5 elementor-widget elementor-widget-porto_button\" data-id=\"afb0fa5\" data-element_type=\"widget\" data-e-type=\"widget\" data-settings=\"{&quot;align&quot;:&quot;left&quot;}\" data-widget_type=\"porto_button.default\">\n\t\t\t\t<div class=\"elementor-widget-container\">\n\t\t\t\t\t<a aria-label=\"button\" class=\"btn btn-md btn-primary\" href=\"https:\/\/www.prochannel.de\/systemanbindungen\/\"><span >Marktplatzanbindungen<\/span><\/a>\t\t\t\t<\/div>\n\t\t\t\t<\/div>\n\t\t\t\t<\/div>\n\t\t\t\t<\/div>\n\t\t\t\t<div class=\"elementor-element elementor-element-fbcc280 elementor-widget elementor-widget-spacer\" data-id=\"fbcc280\" data-element_type=\"widget\" data-e-type=\"widget\" data-widget_type=\"spacer.default\">\n\t\t\t\t<div class=\"elementor-widget-container\">\n\t\t\t\t\t\t\t<div class=\"elementor-spacer\">\n\t\t\t<div class=\"elementor-spacer-inner\"><\/div>\n\t\t<\/div>\n\t\t\t\t\t\t<\/div>\n\t\t\t\t<\/div>\n\t\t\t\t\t<\/div>\n\t\t\t\t<\/div>\n\t\t\t\t<\/div>\n\t\t<div class=\"elementor-element elementor-element-d7a4c5c e-flex e-con-boxed e-con e-parent\" data-id=\"d7a4c5c\" data-element_type=\"container\" data-e-type=\"container\" data-settings=\"{&quot;background_background&quot;:&quot;classic&quot;}\">\r\n\t\t\t\t\t<div class=\"e-con-inner\">\r\n\t\t\t\t<div class=\"elementor-element elementor-element-7b7d087 elementor-widget elementor-widget-spacer\" data-id=\"7b7d087\" data-element_type=\"widget\" data-e-type=\"widget\" data-widget_type=\"spacer.default\">\n\t\t\t\t<div class=\"elementor-widget-container\">\n\t\t\t\t\t\t\t<div class=\"elementor-spacer\">\n\t\t\t<div class=\"elementor-spacer-inner\"><\/div>\n\t\t<\/div>\n\t\t\t\t\t\t<\/div>\n\t\t\t\t<\/div>\n\t\t\t\t\t<\/div>\n\t\t\t\t<\/div>\n\t\t<div class=\"elementor-element elementor-element-78b4b2b e-flex e-con-boxed e-con e-parent\" data-id=\"78b4b2b\" data-element_type=\"container\" data-e-type=\"container\">\r\n\t\t\t\t\t<div class=\"e-con-inner\">\r\n\t\t\t\t<div class=\"elementor-element elementor-element-7bfa141 elementor-widget elementor-widget-heading\" data-id=\"7bfa141\" data-element_type=\"widget\" data-e-type=\"widget\" data-widget_type=\"heading.default\">\n\t\t\t\t<div class=\"elementor-widget-container\">\n\t\t\t\t\t<h5 class=\"elementor-heading-title elementor-size-default\">UNSER INFOFLYER F\u00dcR SIE ZUM DOWNLOAD.\u200b<\/h5>\t\t\t\t<\/div>\n\t\t\t\t<\/div>\n\t\t<div class=\"elementor-element elementor-element-aeea6bc e-con-full e-flex e-con e-child\" data-id=\"aeea6bc\" data-element_type=\"container\" data-e-type=\"container\">\r\n\t\t<div class=\"elementor-element elementor-element-c19d8e7 e-grid e-con-full e-con e-child\" data-id=\"c19d8e7\" data-element_type=\"container\" data-e-type=\"container\">\r\n\t\t<div class=\"elementor-element elementor-element-34f4271 e-con-full e-flex e-con e-child\" data-id=\"34f4271\" data-element_type=\"container\" data-e-type=\"container\">\r\n\t\t\t\t<div class=\"elementor-element elementor-element-da4cf45 elementor-widget elementor-widget-image\" data-id=\"da4cf45\" data-element_type=\"widget\" data-e-type=\"widget\" data-widget_type=\"image.default\">\n\t\t\t\t<div class=\"elementor-widget-container\">\n\t\t\t\t\t\t\t\t\t\t\t\t\t\t\t\t<a href=\"https:\/\/www.prochannel.de\/wp-content\/uploads\/2025\/01\/ProChannel_Unternehmenspraesentation_web.pdf\">\n\t\t\t\t\t\t\t<img decoding=\"async\" width=\"1024\" height=\"576\" src=\"https:\/\/stg-htz-app-01.prochannel.de\/wp-content\/uploads\/2025\/01\/UnternehmenspraesentationDownload_2-1024x576.png\" class=\"attachment-large size-large wp-image-8487\" alt=\"ProChannel Unternehmenspr\u00e4sentation Download\" srcset=\"https:\/\/stg-htz-app-01.prochannel.de\/wp-content\/uploads\/2025\/01\/UnternehmenspraesentationDownload_2-1024x576.png 1024w, https:\/\/stg-htz-app-01.prochannel.de\/wp-content\/uploads\/2025\/01\/UnternehmenspraesentationDownload_2-768x432.png 768w, https:\/\/stg-htz-app-01.prochannel.de\/wp-content\/uploads\/2025\/01\/UnternehmenspraesentationDownload_2-640x360.png 640w, https:\/\/stg-htz-app-01.prochannel.de\/wp-content\/uploads\/2025\/01\/UnternehmenspraesentationDownload_2-400x225.png 400w, https:\/\/stg-htz-app-01.prochannel.de\/wp-content\/uploads\/2025\/01\/UnternehmenspraesentationDownload_2-367x206.png 367w\" sizes=\"(max-width: 1024px) 100vw, 1024px\" \/>\t\t\t\t\t\t\t\t<\/a>\n\t\t\t\t\t\t\t\t\t\t\t\t\t\t\t<\/div>\n\t\t\t\t<\/div>\n\t\t\t\t<div class=\"elementor-element elementor-element-1add437 elementor-widget elementor-widget-text-editor\" data-id=\"1add437\" data-element_type=\"widget\" data-e-type=\"widget\" data-widget_type=\"text-editor.default\">\n\t\t\t\t<div class=\"elementor-widget-container\">\n\t\t\t\t\t\t\t\t\t<div style=\"text-align: center;\"><strong>Unternehmenspr\u00e4sentation<\/strong><\/div><div style=\"text-align: center;\">Pure eCommerce Logistik<\/div>\t\t\t\t\t\t\t\t<\/div>\n\t\t\t\t<\/div>\n\t\t\t\t<\/div>\n\t\t<div class=\"elementor-element elementor-element-552101d e-con-full e-flex e-con e-child\" data-id=\"552101d\" data-element_type=\"container\" data-e-type=\"container\">\r\n\t\t\t\t<div class=\"elementor-element elementor-element-f84f25d elementor-widget elementor-widget-image\" data-id=\"f84f25d\" data-element_type=\"widget\" data-e-type=\"widget\" data-widget_type=\"image.default\">\n\t\t\t\t<div class=\"elementor-widget-container\">\n\t\t\t\t\t\t\t\t\t\t\t\t\t\t\t\t<a href=\"https:\/\/www.prochannel.de\/wp-content\/uploads\/2025\/01\/ProChannel_Flyer_web.pdf\">\n\t\t\t\t\t\t\t<img decoding=\"async\" width=\"1024\" height=\"724\" src=\"https:\/\/stg-htz-app-01.prochannel.de\/wp-content\/uploads\/2025\/01\/FlyerDownload_3-1-1024x724.jpg\" class=\"attachment-large size-large wp-image-8486\" alt=\"ProChannel Fyler Download\" srcset=\"https:\/\/stg-htz-app-01.prochannel.de\/wp-content\/uploads\/2025\/01\/FlyerDownload_3-1-1024x724.jpg 1024w, https:\/\/stg-htz-app-01.prochannel.de\/wp-content\/uploads\/2025\/01\/FlyerDownload_3-1-768x543.jpg 768w, https:\/\/stg-htz-app-01.prochannel.de\/wp-content\/uploads\/2025\/01\/FlyerDownload_3-1-640x452.jpg 640w, https:\/\/stg-htz-app-01.prochannel.de\/wp-content\/uploads\/2025\/01\/FlyerDownload_3-1-400x283.jpg 400w, https:\/\/stg-htz-app-01.prochannel.de\/wp-content\/uploads\/2025\/01\/FlyerDownload_3-1-367x259.jpg 367w\" sizes=\"(max-width: 1024px) 100vw, 1024px\" \/>\t\t\t\t\t\t\t\t<\/a>\n\t\t\t\t\t\t\t\t\t\t\t\t\t\t\t<\/div>\n\t\t\t\t<\/div>\n\t\t\t\t<div class=\"elementor-element elementor-element-8de17d1 elementor-widget elementor-widget-text-editor\" data-id=\"8de17d1\" data-element_type=\"widget\" data-e-type=\"widget\" data-widget_type=\"text-editor.default\">\n\t\t\t\t<div class=\"elementor-widget-container\">\n\t\t\t\t\t\t\t\t\t<div style=\"text-align: center;\"><strong>Full Service-Flyer<br \/><\/strong><\/div><div style=\"text-align: center;\">Pure eCommerce Logistik<\/div>\t\t\t\t\t\t\t\t<\/div>\n\t\t\t\t<\/div>\n\t\t\t\t<\/div>\n\t\t\t\t<\/div>\n\t\t\t\t<\/div>\n\t\t\t\t\t<\/div>\n\t\t\t\t<\/div>\n\t\t\t\t<\/div>","protected":false},"excerpt":{"rendered":"<p>Home Ihr Produkt &#8211; unser Fulfillment Dropshipping ohne Grenzen! In der E-Commerce-Welt ist Dropshipping eine der effektivsten Methoden, um Ihr Gesch\u00e4ft zu skalieren. Bei ProChannel verstehen wir die Herausforderungen, die mit dem Dropshipping auf verschiedenen Online-Marktpl\u00e4tzen verbunden sind. Von der Lagerung Ihrer Produkte bis hin zur effizienten Auftragsabwicklung \u2013 wir k\u00fcmmern uns um alles, damit [&hellip;]<\/p>","protected":false},"author":1,"featured_media":0,"parent":6732,"menu_order":0,"comment_status":"closed","ping_status":"closed","template":"","meta":{"footnotes":""},"class_list":["post-6300","page","type-page","status-publish","hentry"],"aioseo_notices":[],"_links":{"self":[{"href":"https:\/\/stg-htz-app-01.prochannel.de\/en\/wp-json\/wp\/v2\/pages\/6300","targetHints":{"allow":["GET"]}}],"collection":[{"href":"https:\/\/stg-htz-app-01.prochannel.de\/en\/wp-json\/wp\/v2\/pages"}],"about":[{"href":"https:\/\/stg-htz-app-01.prochannel.de\/en\/wp-json\/wp\/v2\/types\/page"}],"author":[{"embeddable":true,"href":"https:\/\/stg-htz-app-01.prochannel.de\/en\/wp-json\/wp\/v2\/users\/1"}],"replies":[{"embeddable":true,"href":"https:\/\/stg-htz-app-01.prochannel.de\/en\/wp-json\/wp\/v2\/comments?post=6300"}],"version-history":[{"count":88,"href":"https:\/\/stg-htz-app-01.prochannel.de\/en\/wp-json\/wp\/v2\/pages\/6300\/revisions"}],"predecessor-version":[{"id":9234,"href":"https:\/\/stg-htz-app-01.prochannel.de\/en\/wp-json\/wp\/v2\/pages\/6300\/revisions\/9234"}],"up":[{"embeddable":true,"href":"https:\/\/stg-htz-app-01.prochannel.de\/en\/wp-json\/wp\/v2\/pages\/6732"}],"wp:attachment":[{"href":"https:\/\/stg-htz-app-01.prochannel.de\/en\/wp-json\/wp\/v2\/media?parent=6300"}],"curies":[{"name":"wp","href":"https:\/\/api.w.org\/{rel}","templated":true}]}}